{"id":705,"date":"2025-04-14T08:32:44","date_gmt":"2025-04-14T08:32:44","guid":{"rendered":"https:\/\/aquamarinepuertopollensa.com\/?page_id=705"},"modified":"2025-10-24T10:14:04","modified_gmt":"2025-10-24T10:14:04","slug":"look","status":"publish","type":"page","link":"https:\/\/aquamarinepuertopollensa.com\/en\/look\/","title":{"rendered":"Look"},"content":{"rendered":"<div data-elementor-type=\"wp-page\" data-elementor-id=\"705\" class=\"elementor elementor-705\" data-elementor-post-type=\"page\">\n\t\t\t\t<div class=\"elementor-element elementor-element-780bab7 e-flex e-con-boxed e-con e-parent\" data-id=\"780bab7\" data-element_type=\"container\" data-e-type=\"container\">\n\t\t\t\t\t<div class=\"e-con-inner\">\n\t\t<div class=\"elementor-element elementor-element-df950fc e-con-full e-flex e-con e-child\" data-id=\"df950fc\" data-element_type=\"container\" data-e-type=\"container\">\n\t\t\t\t<div class=\"elementor-element elementor-element-2e3a531 elementor-widget elementor-widget-heading\" data-id=\"2e3a531\" data-element_type=\"widget\" data-e-type=\"widget\" data-widget_type=\"heading.default\">\n\t\t\t\t\t<h2 class=\"elementor-heading-title elementor-size-default\">Depilaci\u00f3n con hilo<\/h2>\t\t\t\t<\/div>\n\t\t\t\t<div class=\"elementor-element elementor-element-40fef36 elementor-widget elementor-widget-text-editor\" data-id=\"40fef36\" data-element_type=\"widget\" data-e-type=\"widget\" data-widget_type=\"text-editor.default\">\n\t\t\t\t\t\t\t\t\t<p class=\"\" data-start=\"287\" data-end=\"669\">Es una tecnolog\u00eda ancestral en la cual utilizamos hilo de algod\u00f3n para depilar el vello del rostro.<br data-start=\"389\" data-end=\"392\">Ideal para pieles sensibles, extrae hasta el vello m\u00e1s fino de ra\u00edz, consiguiendo una depilaci\u00f3n duradera e impecable.<br data-start=\"510\" data-end=\"513\">Recomendada por dermat\u00f3logos, es la depilaci\u00f3n menos agresiva para la piel.<br data-start=\"588\" data-end=\"591\">Conseguir\u00e1s unas cejas mucho m\u00e1s definidas que dar\u00e1n vida a tu rostro.<\/p>\t\t\t\t\t\t\t\t<\/div>\n\t\t\t\t<\/div>\n\t\t<div class=\"elementor-element elementor-element-35ac3ab e-con-full e-flex e-con e-child\" data-id=\"35ac3ab\" data-element_type=\"container\" data-e-type=\"container\">\n\t\t\t\t<div class=\"elementor-element elementor-element-064a92e elementor-widget elementor-widget-image\" data-id=\"064a92e\" data-element_type=\"widget\" data-e-type=\"widget\" data-widget_type=\"image.default\">\n\t\t\t\t\t\t\t\t\t\t\t\t\t\t\t<img alt=\"\" fetchpriority=\"high\" decoding=\"async\" width=\"550\" height=\"820\" src=\"https:\/\/aquamarinepuertopollensa.com\/wp-content\/uploads\/2025\/05\/WhatsApp-Image-2025-05-26-at-12.31.33.jpeg\" class=\"attachment-full size-full wp-image-1066\" srcset=\"https:\/\/aquamarinepuertopollensa.com\/wp-content\/uploads\/2025\/05\/WhatsApp-Image-2025-05-26-at-12.31.33.jpeg 550w, https:\/\/aquamarinepuertopollensa.com\/wp-content\/uploads\/2025\/05\/WhatsApp-Image-2025-05-26-at-12.31.33-201x300.jpeg 201w\" sizes=\"(max-width: 550px) 100vw, 550px\" \/>\t\t\t\t\t\t\t\t\t\t\t\t\t\t\t<\/div>\n\t\t\t\t<\/div>\n\t\t\t\t\t<\/div>\n\t\t\t\t<\/div>\n\t\t<div class=\"elementor-element elementor-element-76c8e5d e-flex e-con-boxed e-con e-parent\" data-id=\"76c8e5d\" data-element_type=\"container\" data-e-type=\"container\" data-settings=\"{&quot;background_background&quot;:&quot;classic&quot;}\">\n\t\t\t\t\t<div class=\"e-con-inner\">\n\t\t<div class=\"elementor-element elementor-element-4540b35 e-con-full e-flex e-con e-child\" data-id=\"4540b35\" data-element_type=\"container\" data-e-type=\"container\">\n\t\t\t\t<div class=\"elementor-element elementor-element-2686942 elementor-widget elementor-widget-heading\" data-id=\"2686942\" data-element_type=\"widget\" data-e-type=\"widget\" data-widget_type=\"heading.default\">\n\t\t\t\t\t<h2 class=\"elementor-heading-title elementor-size-default\">Manicura<\/h2>\t\t\t\t<\/div>\n\t\t\t\t<div class=\"elementor-element elementor-element-76f91c2 elementor-widget elementor-widget-text-editor\" data-id=\"76f91c2\" data-element_type=\"widget\" data-e-type=\"widget\" data-widget_type=\"text-editor.default\">\n\t\t\t\t\t\t\t\t\t<p class=\"\" data-start=\"1733\" data-end=\"1903\">Con nuestra manicura conseguir\u00e1s unas u\u00f1as impecables,trabajamos con productos de alta calidad y garantizamos higiene y esterilizaci\u00f3n.<br \/>Puedes optar por manicura sin esmaltar, con esmaltado tradicional o semipermanente.<\/p>\t\t\t\t\t\t\t\t<\/div>\n\t\t\t\t<\/div>\n\t\t<div class=\"elementor-element elementor-element-2051dae e-con-full e-flex e-con e-child\" data-id=\"2051dae\" data-element_type=\"container\" data-e-type=\"container\">\n\t\t\t\t<div class=\"elementor-element elementor-element-c420c32 elementor-widget elementor-widget-image\" data-id=\"c420c32\" data-element_type=\"widget\" data-e-type=\"widget\" data-widget_type=\"image.default\">\n\t\t\t\t\t\t\t\t\t\t\t\t\t\t\t<img alt=\"\" decoding=\"async\" width=\"1536\" height=\"2048\" src=\"https:\/\/aquamarinepuertopollensa.com\/wp-content\/uploads\/2025\/05\/WhatsApp-Image-2025-05-01-at-17.52.59.jpeg\" class=\"attachment-full size-full wp-image-926\" srcset=\"https:\/\/aquamarinepuertopollensa.com\/wp-content\/uploads\/2025\/05\/WhatsApp-Image-2025-05-01-at-17.52.59.jpeg 1536w, https:\/\/aquamarinepuertopollensa.com\/wp-content\/uploads\/2025\/05\/WhatsApp-Image-2025-05-01-at-17.52.59-225x300.jpeg 225w, https:\/\/aquamarinepuertopollensa.com\/wp-content\/uploads\/2025\/05\/WhatsApp-Image-2025-05-01-at-17.52.59-768x1024.jpeg 768w, https:\/\/aquamarinepuertopollensa.com\/wp-content\/uploads\/2025\/05\/WhatsApp-Image-2025-05-01-at-17.52.59-1152x1536.jpeg 1152w\" sizes=\"(max-width: 1536px) 100vw, 1536px\" \/>\t\t\t\t\t\t\t\t\t\t\t\t\t\t\t<\/div>\n\t\t\t\t<\/div>\n\t\t\t\t\t<\/div>\n\t\t\t\t<\/div>\n\t\t<div class=\"elementor-element elementor-element-553e7e0 e-flex e-con-boxed e-con e-parent\" data-id=\"553e7e0\" data-element_type=\"container\" data-e-type=\"container\">\n\t\t\t\t\t<div class=\"e-con-inner\">\n\t\t<div class=\"elementor-element elementor-element-103b3da e-con-full e-flex e-con e-child\" data-id=\"103b3da\" data-element_type=\"container\" data-e-type=\"container\">\n\t\t\t\t<div class=\"elementor-element elementor-element-c7a7fb0 elementor-widget elementor-widget-heading\" data-id=\"c7a7fb0\" data-element_type=\"widget\" data-e-type=\"widget\" data-widget_type=\"heading.default\">\n\t\t\t\t\t<h2 class=\"elementor-heading-title elementor-size-default\">Pedicura<\/h2>\t\t\t\t<\/div>\n\t\t\t\t<div class=\"elementor-element elementor-element-211829e elementor-widget elementor-widget-text-editor\" data-id=\"211829e\" data-element_type=\"widget\" data-e-type=\"widget\" data-widget_type=\"text-editor.default\">\n\t\t\t\t\t\t\t\t\t<p data-start=\"948\" data-end=\"1175\">Tratamientos completo para unos pies impecables.<br \/>Puedes elegir ente pedicura sin esmaltar, esmaltado tradicional o semipermanente.<\/p>\t\t\t\t\t\t\t\t<\/div>\n\t\t\t\t<\/div>\n\t\t<div class=\"elementor-element elementor-element-113255e e-con-full e-flex e-con e-child\" data-id=\"113255e\" data-element_type=\"container\" data-e-type=\"container\">\n\t\t\t\t<div class=\"elementor-element elementor-element-7a89da9 elementor-widget elementor-widget-image\" data-id=\"7a89da9\" data-element_type=\"widget\" data-e-type=\"widget\" data-widget_type=\"image.default\">\n\t\t\t\t\t\t\t\t\t\t\t\t\t\t\t<img alt=\"\" decoding=\"async\" width=\"942\" height=\"1200\" src=\"https:\/\/aquamarinepuertopollensa.com\/wp-content\/uploads\/2025\/05\/WhatsApp-Image-2025-05-26-at-12.40.46.jpeg\" class=\"attachment-full size-full wp-image-1073\" srcset=\"https:\/\/aquamarinepuertopollensa.com\/wp-content\/uploads\/2025\/05\/WhatsApp-Image-2025-05-26-at-12.40.46.jpeg 942w, https:\/\/aquamarinepuertopollensa.com\/wp-content\/uploads\/2025\/05\/WhatsApp-Image-2025-05-26-at-12.40.46-236x300.jpeg 236w, https:\/\/aquamarinepuertopollensa.com\/wp-content\/uploads\/2025\/05\/WhatsApp-Image-2025-05-26-at-12.40.46-804x1024.jpeg 804w, https:\/\/aquamarinepuertopollensa.com\/wp-content\/uploads\/2025\/05\/WhatsApp-Image-2025-05-26-at-12.40.46-768x978.jpeg 768w\" sizes=\"(max-width: 942px) 100vw, 942px\" \/>\t\t\t\t\t\t\t\t\t\t\t\t\t\t\t<\/div>\n\t\t\t\t<\/div>\n\t\t\t\t\t<\/div>\n\t\t\t\t<\/div>\n\t\t<div class=\"elementor-element elementor-element-63e79c7 e-flex e-con-boxed e-con e-parent\" data-id=\"63e79c7\" data-element_type=\"container\" data-e-type=\"container\" data-settings=\"{&quot;background_background&quot;:&quot;classic&quot;}\">\n\t\t\t\t\t<div class=\"e-con-inner\">\n\t\t<div class=\"elementor-element elementor-element-0ed95fc e-con-full e-flex e-con e-child\" data-id=\"0ed95fc\" data-element_type=\"container\" data-e-type=\"container\">\n\t\t\t\t<div class=\"elementor-element elementor-element-967575f elementor-widget elementor-widget-heading\" data-id=\"967575f\" data-element_type=\"widget\" data-e-type=\"widget\" data-widget_type=\"heading.default\">\n\t\t\t\t\t<h2 class=\"elementor-heading-title elementor-size-default\">extensiones de pesta\u00f1as<\/h2>\t\t\t\t<\/div>\n\t\t\t\t<div class=\"elementor-element elementor-element-6bbbb1e elementor-widget elementor-widget-text-editor\" data-id=\"6bbbb1e\" data-element_type=\"widget\" data-e-type=\"widget\" data-widget_type=\"text-editor.default\">\n\t\t\t\t\t\t\t\t\t<p class=\"\" data-start=\"1733\" data-end=\"1903\">Ideales para dar volumen longitud a tus pesta\u00f1as, con nuestras extensiones conseguir\u00e1s un resultado natural y atractivo.<br \/>Apto para todo tipo de ojos y estilos, personalizamos el tratamiento para t\u00ed.<\/p>\t\t\t\t\t\t\t\t<\/div>\n\t\t\t\t<\/div>\n\t\t<div class=\"elementor-element elementor-element-88f060e e-con-full e-flex e-con e-child\" data-id=\"88f060e\" data-element_type=\"container\" data-e-type=\"container\">\n\t\t\t\t<div class=\"elementor-element elementor-element-0a77c3d elementor-widget elementor-widget-image\" data-id=\"0a77c3d\" data-element_type=\"widget\" data-e-type=\"widget\" data-widget_type=\"image.default\">\n\t\t\t\t\t\t\t\t\t\t\t\t\t\t\t<img alt=\"\" loading=\"lazy\" decoding=\"async\" width=\"869\" height=\"886\" src=\"https:\/\/aquamarinepuertopollensa.com\/wp-content\/uploads\/2025\/05\/WhatsApp-Image-2025-05-01-at-17.57.25.jpeg\" class=\"attachment-full size-full wp-image-963\" srcset=\"https:\/\/aquamarinepuertopollensa.com\/wp-content\/uploads\/2025\/05\/WhatsApp-Image-2025-05-01-at-17.57.25.jpeg 869w, https:\/\/aquamarinepuertopollensa.com\/wp-content\/uploads\/2025\/05\/WhatsApp-Image-2025-05-01-at-17.57.25-294x300.jpeg 294w, https:\/\/aquamarinepuertopollensa.com\/wp-content\/uploads\/2025\/05\/WhatsApp-Image-2025-05-01-at-17.57.25-768x783.jpeg 768w\" sizes=\"(max-width: 869px) 100vw, 869px\" \/>\t\t\t\t\t\t\t\t\t\t\t\t\t\t\t<\/div>\n\t\t\t\t<\/div>\n\t\t\t\t\t<\/div>\n\t\t\t\t<\/div>\n\t\t<div class=\"elementor-element elementor-element-90248d0 e-flex e-con-boxed e-con e-parent\" data-id=\"90248d0\" data-element_type=\"container\" data-e-type=\"container\">\n\t\t\t\t\t<div class=\"e-con-inner\">\n\t\t<div class=\"elementor-element elementor-element-f43a0ae e-con-full e-flex e-con e-child\" data-id=\"f43a0ae\" data-element_type=\"container\" data-e-type=\"container\">\n\t\t\t\t<div class=\"elementor-element elementor-element-8d743dd elementor-widget elementor-widget-heading\" data-id=\"8d743dd\" data-element_type=\"widget\" data-e-type=\"widget\" data-widget_type=\"heading.default\">\n\t\t\t\t\t<h2 class=\"elementor-heading-title elementor-size-default\">Microblading<\/h2>\t\t\t\t<\/div>\n\t\t\t\t<div class=\"elementor-element elementor-element-43238a3 elementor-widget elementor-widget-text-editor\" data-id=\"43238a3\" data-element_type=\"widget\" data-e-type=\"widget\" data-widget_type=\"text-editor.default\">\n\t\t\t\t\t\t\t\t\t<p class=\"\" data-start=\"2119\" data-end=\"2303\">La importancia de unas cejas definidas para mejorar el aspecto de nuestro rostro.<br \/>Con nuestro m\u00e9todo de Microblading conseguiremos unas cejas perfectas, con resultados super naturales.<br \/>M\u00e1s de 10 a\u00f1os de experiencia creando miradas .<br \/>Pide cita con nuestra t\u00e9cnica para una valoraci\u00f3n gratuita.<\/p>\t\t\t\t\t\t\t\t<\/div>\n\t\t\t\t<\/div>\n\t\t<div class=\"elementor-element elementor-element-fdaabd3 e-con-full e-flex e-con e-child\" data-id=\"fdaabd3\" data-element_type=\"container\" data-e-type=\"container\">\n\t\t\t\t<div class=\"elementor-element elementor-element-decf0ec elementor-widget elementor-widget-image\" data-id=\"decf0ec\" data-element_type=\"widget\" data-e-type=\"widget\" data-widget_type=\"image.default\">\n\t\t\t\t\t\t\t\t\t\t\t\t\t\t\t<img alt=\"\" loading=\"lazy\" decoding=\"async\" width=\"1179\" height=\"1164\" src=\"https:\/\/aquamarinepuertopollensa.com\/wp-content\/uploads\/2025\/05\/WhatsApp-Image-2025-05-26-at-12.43.25.jpeg\" class=\"attachment-full size-full wp-image-1077\" srcset=\"https:\/\/aquamarinepuertopollensa.com\/wp-content\/uploads\/2025\/05\/WhatsApp-Image-2025-05-26-at-12.43.25.jpeg 1179w, https:\/\/aquamarinepuertopollensa.com\/wp-content\/uploads\/2025\/05\/WhatsApp-Image-2025-05-26-at-12.43.25-300x296.jpeg 300w, https:\/\/aquamarinepuertopollensa.com\/wp-content\/uploads\/2025\/05\/WhatsApp-Image-2025-05-26-at-12.43.25-1024x1011.jpeg 1024w, https:\/\/aquamarinepuertopollensa.com\/wp-content\/uploads\/2025\/05\/WhatsApp-Image-2025-05-26-at-12.43.25-768x758.jpeg 768w\" sizes=\"(max-width: 1179px) 100vw, 1179px\" \/>\t\t\t\t\t\t\t\t\t\t\t\t\t\t\t<\/div>\n\t\t\t\t<\/div>\n\t\t\t\t\t<\/div>\n\t\t\t\t<\/div>\n\t\t<div class=\"elementor-element elementor-element-0451bb4 e-flex e-con-boxed e-con e-parent\" data-id=\"0451bb4\" data-element_type=\"container\" data-e-type=\"container\" data-settings=\"{&quot;background_background&quot;:&quot;classic&quot;}\">\n\t\t\t\t\t<div class=\"e-con-inner\">\n\t\t<div class=\"elementor-element elementor-element-b7b43a2 e-con-full e-flex e-con e-child\" data-id=\"b7b43a2\" data-element_type=\"container\" data-e-type=\"container\">\n\t\t\t\t<div class=\"elementor-element elementor-element-76940b8 elementor-widget elementor-widget-heading\" data-id=\"76940b8\" data-element_type=\"widget\" data-e-type=\"widget\" data-widget_type=\"heading.default\">\n\t\t\t\t\t<h2 class=\"elementor-heading-title elementor-size-default\">Micropigmentaci\u00f3n<\/h2>\t\t\t\t<\/div>\n\t\t\t\t<div class=\"elementor-element elementor-element-bcbf1ef elementor-widget elementor-widget-text-editor\" data-id=\"bcbf1ef\" data-element_type=\"widget\" data-e-type=\"widget\" data-widget_type=\"text-editor.default\">\n\t\t\t\t\t\t\t\t\t<p class=\"\" data-start=\"1691\" data-end=\"1881\">Maquillaje semipermanente aplicado a ojos y labios.<br \/>Tratamiento ideal para realzar la belleza del rostro, con resultados naturales, totalmente personalizado .<br \/>Pide una cita con nuestra t\u00e9cnico para una valoraci\u00f3n gratuita.<\/p>\t\t\t\t\t\t\t\t<\/div>\n\t\t\t\t<\/div>\n\t\t<div class=\"elementor-element elementor-element-1a889da e-con-full e-flex e-con e-child\" data-id=\"1a889da\" data-element_type=\"container\" data-e-type=\"container\">\n\t\t\t\t<div class=\"elementor-element elementor-element-a360300 elementor-widget elementor-widget-image\" data-id=\"a360300\" data-element_type=\"widget\" data-e-type=\"widget\" data-widget_type=\"image.default\">\n\t\t\t\t\t\t\t\t\t\t\t\t\t\t\t<img alt=\"\" loading=\"lazy\" decoding=\"async\" width=\"900\" height=\"1600\" src=\"https:\/\/aquamarinepuertopollensa.com\/wp-content\/uploads\/2025\/05\/WhatsApp-Image-2025-05-26-at-12.46.37.jpeg\" class=\"attachment-full size-full wp-image-1081\" srcset=\"https:\/\/aquamarinepuertopollensa.com\/wp-content\/uploads\/2025\/05\/WhatsApp-Image-2025-05-26-at-12.46.37.jpeg 900w, https:\/\/aquamarinepuertopollensa.com\/wp-content\/uploads\/2025\/05\/WhatsApp-Image-2025-05-26-at-12.46.37-169x300.jpeg 169w, https:\/\/aquamarinepuertopollensa.com\/wp-content\/uploads\/2025\/05\/WhatsApp-Image-2025-05-26-at-12.46.37-576x1024.jpeg 576w, https:\/\/aquamarinepuertopollensa.com\/wp-content\/uploads\/2025\/05\/WhatsApp-Image-2025-05-26-at-12.46.37-768x1365.jpeg 768w, https:\/\/aquamarinepuertopollensa.com\/wp-content\/uploads\/2025\/05\/WhatsApp-Image-2025-05-26-at-12.46.37-864x1536.jpeg 864w\" sizes=\"(max-width: 900px) 100vw, 900px\" \/>\t\t\t\t\t\t\t\t\t\t\t\t\t\t\t<\/div>\n\t\t\t\t<\/div>\n\t\t\t\t\t<\/div>\n\t\t\t\t<\/div>\n\t\t<div class=\"elementor-element elementor-element-8718a89 e-flex e-con-boxed e-con e-parent\" data-id=\"8718a89\" data-element_type=\"container\" data-e-type=\"container\">\n\t\t\t\t\t<div class=\"e-con-inner\">\n\t\t<div class=\"elementor-element elementor-element-1afe92d e-con-full e-flex e-con e-child\" data-id=\"1afe92d\" data-element_type=\"container\" data-e-type=\"container\">\n\t\t\t\t<div class=\"elementor-element elementor-element-c44960b elementor-widget elementor-widget-heading\" data-id=\"c44960b\" data-element_type=\"widget\" data-e-type=\"widget\" data-widget_type=\"heading.default\">\n\t\t\t\t\t<h2 class=\"elementor-heading-title elementor-size-default\">Lifting o rizado de pesta\u00f1as\n<\/h2>\t\t\t\t<\/div>\n\t\t\t\t<div class=\"elementor-element elementor-element-838ac6b elementor-widget elementor-widget-text-editor\" data-id=\"838ac6b\" data-element_type=\"widget\" data-e-type=\"widget\" data-widget_type=\"text-editor.default\">\n\t\t\t\t\t\t\t\t\t<p class=\"\" data-start=\"160\" data-end=\"469\">Resalta tu mirada de forma natural con nuestro tratamiento de lifting o rizado de pesta\u00f1as. Este procedimiento eleva y curva tus pesta\u00f1as desde la ra\u00edz, aport\u00e1ndoles un efecto m\u00e1s largo, definido y voluminoso sin necesidad de extensiones. Ideal para quienes buscan realzar sus ojos de manera sutil y duradera.<\/p><p class=\"\" data-start=\"471\" data-end=\"678\"><strong>El resultado: <\/strong>Efecto lifting o rizado duradero, una mirada m\u00e1s abierta y expresiva durante semanas, con pesta\u00f1as perfectamente peinadas desde el primer momento.<\/p>\t\t\t\t\t\t\t\t<\/div>\n\t\t\t\t<\/div>\n\t\t<div class=\"elementor-element elementor-element-12be20a e-con-full e-flex e-con e-child\" data-id=\"12be20a\" data-element_type=\"container\" data-e-type=\"container\">\n\t\t\t\t<div class=\"elementor-element elementor-element-791737d elementor-widget elementor-widget-image\" data-id=\"791737d\" data-element_type=\"widget\" data-e-type=\"widget\" data-widget_type=\"image.default\">\n\t\t\t\t\t\t\t\t\t\t\t\t\t\t\t<img alt=\"\" loading=\"lazy\" decoding=\"async\" width=\"1050\" height=\"1340\" src=\"https:\/\/aquamarinepuertopollensa.com\/wp-content\/uploads\/2025\/05\/WhatsApp-Image-2025-05-02-at-18.12.30.jpeg\" class=\"attachment-full size-full wp-image-967\" srcset=\"https:\/\/aquamarinepuertopollensa.com\/wp-content\/uploads\/2025\/05\/WhatsApp-Image-2025-05-02-at-18.12.30.jpeg 1050w, https:\/\/aquamarinepuertopollensa.com\/wp-content\/uploads\/2025\/05\/WhatsApp-Image-2025-05-02-at-18.12.30-235x300.jpeg 235w, https:\/\/aquamarinepuertopollensa.com\/wp-content\/uploads\/2025\/05\/WhatsApp-Image-2025-05-02-at-18.12.30-802x1024.jpeg 802w, https:\/\/aquamarinepuertopollensa.com\/wp-content\/uploads\/2025\/05\/WhatsApp-Image-2025-05-02-at-18.12.30-768x980.jpeg 768w\" sizes=\"(max-width: 1050px) 100vw, 1050px\" \/>\t\t\t\t\t\t\t\t\t\t\t\t\t\t\t<\/div>\n\t\t\t\t<\/div>\n\t\t\t\t\t<\/div>\n\t\t\t\t<\/div>\n\t\t<div class=\"elementor-element elementor-element-545f660 e-flex e-con-boxed e-con e-parent\" data-id=\"545f660\" data-element_type=\"container\" data-e-type=\"container\" data-settings=\"{&quot;background_background&quot;:&quot;classic&quot;}\">\n\t\t\t\t\t<div class=\"e-con-inner\">\n\t\t<div class=\"elementor-element elementor-element-c4f78f3 e-con-full e-flex e-con e-child\" data-id=\"c4f78f3\" data-element_type=\"container\" data-e-type=\"container\">\n\t\t\t\t<div class=\"elementor-element elementor-element-eb335af elementor-widget elementor-widget-heading\" data-id=\"eb335af\" data-element_type=\"widget\" data-e-type=\"widget\" data-widget_type=\"heading.default\">\n\t\t\t\t\t<h2 class=\"elementor-heading-title elementor-size-default\">Tinte de cejas y pesta\u00f1as\n<\/h2>\t\t\t\t<\/div>\n\t\t\t\t<div class=\"elementor-element elementor-element-2e21b20 elementor-widget elementor-widget-text-editor\" data-id=\"2e21b20\" data-element_type=\"widget\" data-e-type=\"widget\" data-widget_type=\"text-editor.default\">\n\t\t\t\t\t\t\t\t\t<p class=\"\" data-start=\"2165\" data-end=\"2326\">Coloraci\u00f3n que intensifica la expresi\u00f3n de la mirada y define el rostro.<br data-start=\"2237\" data-end=\"2240\" \/><strong data-start=\"2240\" data-end=\"2250\">Ideal:<\/strong> para quienes desean cejas m\u00e1s marcadas o pesta\u00f1as con color sin maquillaje.<\/p><p class=\"\" data-start=\"2333\" data-end=\"2477\">\u00a0<\/p>\t\t\t\t\t\t\t\t<\/div>\n\t\t\t\t<\/div>\n\t\t<div class=\"elementor-element elementor-element-c756aa0 e-con-full e-flex e-con e-child\" data-id=\"c756aa0\" data-element_type=\"container\" data-e-type=\"container\">\n\t\t\t\t<div class=\"elementor-element elementor-element-9d8ccae elementor-widget elementor-widget-image\" data-id=\"9d8ccae\" data-element_type=\"widget\" data-e-type=\"widget\" data-widget_type=\"image.default\">\n\t\t\t\t\t\t\t\t\t\t\t\t\t\t\t<img alt=\"\" loading=\"lazy\" decoding=\"async\" width=\"800\" height=\"584\" src=\"https:\/\/aquamarinepuertopollensa.com\/wp-content\/uploads\/2025\/04\/InCollage_20240419_210657051-01-1024x747.png\" class=\"attachment-large size-large wp-image-884\" srcset=\"https:\/\/aquamarinepuertopollensa.com\/wp-content\/uploads\/2025\/04\/InCollage_20240419_210657051-01-1024x747.png 1024w, https:\/\/aquamarinepuertopollensa.com\/wp-content\/uploads\/2025\/04\/InCollage_20240419_210657051-01-300x219.png 300w, https:\/\/aquamarinepuertopollensa.com\/wp-content\/uploads\/2025\/04\/InCollage_20240419_210657051-01-768x560.png 768w, https:\/\/aquamarinepuertopollensa.com\/wp-content\/uploads\/2025\/04\/InCollage_20240419_210657051-01-1536x1121.png 1536w, https:\/\/aquamarinepuertopollensa.com\/wp-content\/uploads\/2025\/04\/InCollage_20240419_210657051-01-2048x1494.png 2048w\" sizes=\"(max-width: 800px) 100vw, 800px\" \/>\t\t\t\t\t\t\t\t\t\t\t\t\t\t\t<\/div>\n\t\t\t\t<\/div>\n\t\t\t\t\t<\/div>\n\t\t\t\t<\/div>\n\t\t\t\t<\/div>","protected":false},"excerpt":{"rendered":"<p>Depilaci\u00f3n con hilo Es una tecnolog\u00eda ancestral en la cual utilizamos hilo de algod\u00f3n para depilar el vello del rostro.Ideal para pieles sensibles, extrae hasta el vello m\u00e1s fino de ra\u00edz, consiguiendo una depilaci\u00f3n duradera e impecable.Recomendada por dermat\u00f3logos, es la depilaci\u00f3n menos agresiva para la piel.Conseguir\u00e1s unas cejas mucho m\u00e1s definidas que dar\u00e1n vida [&hellip;]<\/p>\n","protected":false},"author":1,"featured_media":0,"parent":0,"menu_order":0,"comment_status":"closed","ping_status":"closed","template":"","meta":{"_seopress_robots_primary_cat":"","_seopress_titles_title":"","_seopress_titles_desc":"","_seopress_robots_index":"","footnotes":""},"class_list":["post-705","page","type-page","status-publish","hentry"],"_links":{"self":[{"href":"https:\/\/aquamarinepuertopollensa.com\/en\/wp-json\/wp\/v2\/pages\/705","targetHints":{"allow":["GET"]}}],"collection":[{"href":"https:\/\/aquamarinepuertopollensa.com\/en\/wp-json\/wp\/v2\/pages"}],"about":[{"href":"https:\/\/aquamarinepuertopollensa.com\/en\/wp-json\/wp\/v2\/types\/page"}],"author":[{"embeddable":true,"href":"https:\/\/aquamarinepuertopollensa.com\/en\/wp-json\/wp\/v2\/users\/1"}],"replies":[{"embeddable":true,"href":"https:\/\/aquamarinepuertopollensa.com\/en\/wp-json\/wp\/v2\/comments?post=705"}],"version-history":[{"count":3,"href":"https:\/\/aquamarinepuertopollensa.com\/en\/wp-json\/wp\/v2\/pages\/705\/revisions"}],"predecessor-version":[{"id":1208,"href":"https:\/\/aquamarinepuertopollensa.com\/en\/wp-json\/wp\/v2\/pages\/705\/revisions\/1208"}],"wp:attachment":[{"href":"https:\/\/aquamarinepuertopollensa.com\/en\/wp-json\/wp\/v2\/media?parent=705"}],"curies":[{"name":"wp","href":"https:\/\/api.w.org\/{rel}","templated":true}]}}