{"id":699,"date":"2025-04-14T08:24:47","date_gmt":"2025-04-14T08:24:47","guid":{"rendered":"https:\/\/aquamarinepuertopollensa.com\/?page_id=699"},"modified":"2026-04-28T11:01:59","modified_gmt":"2026-04-28T11:01:59","slug":"corporales","status":"publish","type":"page","link":"https:\/\/aquamarinepuertopollensa.com\/en\/corporales\/","title":{"rendered":"Corporales"},"content":{"rendered":"<div data-elementor-type=\"wp-page\" data-elementor-id=\"699\" class=\"elementor elementor-699\" data-elementor-post-type=\"page\">\n\t\t\t\t<div class=\"elementor-element elementor-element-cbadf2e e-flex e-con-boxed e-con e-parent\" data-id=\"cbadf2e\" data-element_type=\"container\" data-e-type=\"container\">\n\t\t\t\t\t<div class=\"e-con-inner\">\n\t\t<div class=\"elementor-element elementor-element-f7ea11f e-con-full e-flex e-con e-child\" data-id=\"f7ea11f\" data-element_type=\"container\" data-e-type=\"container\">\n\t\t\t\t<div class=\"elementor-element elementor-element-9aa8f4d elementor-widget elementor-widget-heading\" data-id=\"9aa8f4d\" data-element_type=\"widget\" data-e-type=\"widget\" data-widget_type=\"heading.default\">\n\t\t\t\t\t<h2 class=\"elementor-heading-title elementor-size-default\">Fhos corporal<\/h2>\t\t\t\t<\/div>\n\t\t\t\t<div class=\"elementor-element elementor-element-9412e8e elementor-widget elementor-widget-text-editor\" data-id=\"9412e8e\" data-element_type=\"widget\" data-e-type=\"widget\" data-widget_type=\"text-editor.default\">\n\t\t\t\t\t\t\t\t\t<p class=\"\" data-start=\"857\" data-end=\"1032\">Tratamiento patentado que combina el fotorrejuvenecimiento con la tecnolog\u00eda de cosm\u00e9tica bioluminiscente de Fhos y su luz atermica, permitiendo penetrarar los activos hasta las capas m\u00e1s profundas de la piel.<br \/>Conseguiremos mejorar la piel de naranja, reducir grasa localizada, una piel firme, mucho m\u00e1s el\u00e1stica y joven .<\/p>\t\t\t\t\t\t\t\t<\/div>\n\t\t\t\t<\/div>\n\t\t<div class=\"elementor-element elementor-element-7945bae e-con-full e-flex e-con e-child\" data-id=\"7945bae\" data-element_type=\"container\" data-e-type=\"container\">\n\t\t\t\t<div class=\"elementor-element elementor-element-7989672 elementor-widget elementor-widget-image\" data-id=\"7989672\" data-element_type=\"widget\" data-e-type=\"widget\" data-widget_type=\"image.default\">\n\t\t\t\t\t\t\t\t\t\t\t\t\t\t\t<img alt=\"\" fetchpriority=\"high\" decoding=\"async\" width=\"1179\" height=\"1171\" src=\"https:\/\/aquamarinepuertopollensa.com\/wp-content\/uploads\/2025\/05\/WhatsApp-Image-2025-05-21-at-15.23.59.jpeg\" class=\"attachment-full size-full wp-image-1062\" srcset=\"https:\/\/aquamarinepuertopollensa.com\/wp-content\/uploads\/2025\/05\/WhatsApp-Image-2025-05-21-at-15.23.59.jpeg 1179w, https:\/\/aquamarinepuertopollensa.com\/wp-content\/uploads\/2025\/05\/WhatsApp-Image-2025-05-21-at-15.23.59-300x298.jpeg 300w, https:\/\/aquamarinepuertopollensa.com\/wp-content\/uploads\/2025\/05\/WhatsApp-Image-2025-05-21-at-15.23.59-1024x1017.jpeg 1024w, https:\/\/aquamarinepuertopollensa.com\/wp-content\/uploads\/2025\/05\/WhatsApp-Image-2025-05-21-at-15.23.59-150x150.jpeg 150w, https:\/\/aquamarinepuertopollensa.com\/wp-content\/uploads\/2025\/05\/WhatsApp-Image-2025-05-21-at-15.23.59-768x763.jpeg 768w\" sizes=\"(max-width: 1179px) 100vw, 1179px\" \/>\t\t\t\t\t\t\t\t\t\t\t\t\t\t\t<\/div>\n\t\t\t\t<\/div>\n\t\t\t\t\t<\/div>\n\t\t\t\t<\/div>\n\t\t<div class=\"elementor-element elementor-element-6e184fb e-flex e-con-boxed e-con e-parent\" data-id=\"6e184fb\" data-element_type=\"container\" data-e-type=\"container\" data-settings=\"{&quot;background_background&quot;:&quot;classic&quot;}\">\n\t\t\t\t\t<div class=\"e-con-inner\">\n\t\t<div class=\"elementor-element elementor-element-779fe30 e-con-full e-flex e-con e-child\" data-id=\"779fe30\" data-element_type=\"container\" data-e-type=\"container\">\n\t\t\t\t<div class=\"elementor-element elementor-element-23fbf07 elementor-widget elementor-widget-heading\" data-id=\"23fbf07\" data-element_type=\"widget\" data-e-type=\"widget\" data-widget_type=\"heading.default\">\n\t\t\t\t\t<h2 class=\"elementor-heading-title elementor-size-default\">carb\u00f3n Activo de espalda<\/h2>\t\t\t\t<\/div>\n\t\t\t\t<div class=\"elementor-element elementor-element-87301da elementor-widget elementor-widget-text-editor\" data-id=\"87301da\" data-element_type=\"widget\" data-e-type=\"widget\" data-widget_type=\"text-editor.default\">\n\t\t\t\t\t\t\t\t\t<p>Purifica y limpia en profundidad, eliminando impurezas y espinillas. Reduce el exceso de sebo y mejora la textura de la piel.<\/p><p>Ideal para pieles con tendencia acn\u00e9ica e impuras.<\/p>\t\t\t\t\t\t\t\t<\/div>\n\t\t\t\t<\/div>\n\t\t<div class=\"elementor-element elementor-element-004b2d4 e-con-full e-flex e-con e-child\" data-id=\"004b2d4\" data-element_type=\"container\" data-e-type=\"container\">\n\t\t\t\t<div class=\"elementor-element elementor-element-a42a344 elementor-widget elementor-widget-image\" data-id=\"a42a344\" data-element_type=\"widget\" data-e-type=\"widget\" data-widget_type=\"image.default\">\n\t\t\t\t\t\t\t\t\t\t\t\t\t\t\t<img alt=\"\" decoding=\"async\" width=\"800\" height=\"770\" src=\"https:\/\/aquamarinepuertopollensa.com\/wp-content\/uploads\/2025\/05\/WhatsApp-Image-2025-05-01-at-17.40.04-1024x985.jpeg\" class=\"attachment-large size-large wp-image-918\" srcset=\"https:\/\/aquamarinepuertopollensa.com\/wp-content\/uploads\/2025\/05\/WhatsApp-Image-2025-05-01-at-17.40.04-1024x985.jpeg 1024w, https:\/\/aquamarinepuertopollensa.com\/wp-content\/uploads\/2025\/05\/WhatsApp-Image-2025-05-01-at-17.40.04-300x289.jpeg 300w, https:\/\/aquamarinepuertopollensa.com\/wp-content\/uploads\/2025\/05\/WhatsApp-Image-2025-05-01-at-17.40.04-768x739.jpeg 768w, https:\/\/aquamarinepuertopollensa.com\/wp-content\/uploads\/2025\/05\/WhatsApp-Image-2025-05-01-at-17.40.04.jpeg 1179w\" sizes=\"(max-width: 800px) 100vw, 800px\" \/>\t\t\t\t\t\t\t\t\t\t\t\t\t\t\t<\/div>\n\t\t\t\t<\/div>\n\t\t\t\t\t<\/div>\n\t\t\t\t<\/div>\n\t\t<div class=\"elementor-element elementor-element-99d77ee e-flex e-con-boxed e-con e-parent\" data-id=\"99d77ee\" data-element_type=\"container\" data-e-type=\"container\">\n\t\t\t\t\t<div class=\"e-con-inner\">\n\t\t<div class=\"elementor-element elementor-element-5b13411 e-con-full e-flex e-con e-child\" data-id=\"5b13411\" data-element_type=\"container\" data-e-type=\"container\">\n\t\t\t\t<div class=\"elementor-element elementor-element-0e6b3f9 elementor-widget elementor-widget-heading\" data-id=\"0e6b3f9\" data-element_type=\"widget\" data-e-type=\"widget\" data-widget_type=\"heading.default\">\n\t\t\t\t\t<h2 class=\"elementor-heading-title elementor-size-default\">Presoterapia<\/h2>\t\t\t\t<\/div>\n\t\t\t\t<div class=\"elementor-element elementor-element-25cdd4e elementor-widget elementor-widget-text-editor\" data-id=\"25cdd4e\" data-element_type=\"widget\" data-e-type=\"widget\" data-widget_type=\"text-editor.default\">\n\t\t\t\t\t\t\t\t\t<p class=\"\" data-start=\"857\" data-end=\"1032\">Masaje mec\u00e1nico que realiza un drenaje linf\u00e1tico, eliminando de nuestro organismo toxinas y retenci\u00f3n de l\u00edquido.<br data-start=\"970\" data-end=\"973\" \/><strong data-start=\"973\" data-end=\"1032\">Ideal para piernas cansadas, edemas y mala circulaci\u00f3n.<\/strong><\/p>\t\t\t\t\t\t\t\t<\/div>\n\t\t\t\t<\/div>\n\t\t<div class=\"elementor-element elementor-element-941c8d7 e-con-full e-flex e-con e-child\" data-id=\"941c8d7\" data-element_type=\"container\" data-e-type=\"container\">\n\t\t\t\t<div class=\"elementor-element elementor-element-3c2e771 elementor-widget elementor-widget-image\" data-id=\"3c2e771\" data-element_type=\"widget\" data-e-type=\"widget\" data-widget_type=\"image.default\">\n\t\t\t\t\t\t\t\t\t\t\t\t\t\t\t<img alt=\"\" decoding=\"async\" width=\"800\" height=\"584\" src=\"https:\/\/aquamarinepuertopollensa.com\/wp-content\/uploads\/2025\/04\/Pantalones-de-presoterapia-e1745998470806-1024x748.jpg\" class=\"attachment-large size-large wp-image-892\" srcset=\"https:\/\/aquamarinepuertopollensa.com\/wp-content\/uploads\/2025\/04\/Pantalones-de-presoterapia-e1745998470806-1024x748.jpg 1024w, https:\/\/aquamarinepuertopollensa.com\/wp-content\/uploads\/2025\/04\/Pantalones-de-presoterapia-e1745998470806-300x219.jpg 300w, https:\/\/aquamarinepuertopollensa.com\/wp-content\/uploads\/2025\/04\/Pantalones-de-presoterapia-e1745998470806-768x561.jpg 768w, https:\/\/aquamarinepuertopollensa.com\/wp-content\/uploads\/2025\/04\/Pantalones-de-presoterapia-e1745998470806.jpg 1296w\" sizes=\"(max-width: 800px) 100vw, 800px\" \/>\t\t\t\t\t\t\t\t\t\t\t\t\t\t\t<\/div>\n\t\t\t\t<\/div>\n\t\t\t\t\t<\/div>\n\t\t\t\t<\/div>\n\t\t<div class=\"elementor-element elementor-element-a8f853d e-flex e-con-boxed e-con e-parent\" data-id=\"a8f853d\" data-element_type=\"container\" data-e-type=\"container\" data-settings=\"{&quot;background_background&quot;:&quot;classic&quot;}\">\n\t\t\t\t\t<div class=\"e-con-inner\">\n\t\t<div class=\"elementor-element elementor-element-d09a949 e-con-full e-flex e-con e-child\" data-id=\"d09a949\" data-element_type=\"container\" data-e-type=\"container\">\n\t\t\t\t<div class=\"elementor-element elementor-element-a1b239b elementor-widget elementor-widget-heading\" data-id=\"a1b239b\" data-element_type=\"widget\" data-e-type=\"widget\" data-widget_type=\"heading.default\">\n\t\t\t\t\t<h2 class=\"elementor-heading-title elementor-size-default\">indiba corporal<\/h2>\t\t\t\t<\/div>\n\t\t\t\t<div class=\"elementor-element elementor-element-41040e6 elementor-widget elementor-widget-text-editor\" data-id=\"41040e6\" data-element_type=\"widget\" data-e-type=\"widget\" data-widget_type=\"text-editor.default\">\n\t\t\t\t\t\t\t\t\t<p>Indiba Edna Pro Max&nbsp;<\/p><p>Es el dispositivo de radiofrecuencia m\u00e1s potente, dise\u00f1ado para rejuvenecer la piel, reducir celulitis, grasa localizada y remodelaci\u00f3n corporal.<\/p><p>Su tecnolog\u00eda Turbo Max permite maximizar los resultados en un menor n\u00famero de sesiones.<\/p>\t\t\t\t\t\t\t\t<\/div>\n\t\t\t\t<\/div>\n\t\t<div class=\"elementor-element elementor-element-5f08f97 e-con-full e-flex e-con e-child\" data-id=\"5f08f97\" data-element_type=\"container\" data-e-type=\"container\">\n\t\t\t\t<div class=\"elementor-element elementor-element-d3f3c19 elementor-widget elementor-widget-image\" data-id=\"d3f3c19\" data-element_type=\"widget\" data-e-type=\"widget\" data-widget_type=\"image.default\">\n\t\t\t\t\t\t\t\t\t\t\t\t\t\t\t<img alt=\"\" loading=\"lazy\" decoding=\"async\" width=\"800\" height=\"823\" src=\"https:\/\/aquamarinepuertopollensa.com\/wp-content\/uploads\/2026\/04\/indiba-corporal-995x1024.png\" class=\"attachment-large size-large wp-image-1244\" srcset=\"https:\/\/aquamarinepuertopollensa.com\/wp-content\/uploads\/2026\/04\/indiba-corporal-995x1024.png 995w, https:\/\/aquamarinepuertopollensa.com\/wp-content\/uploads\/2026\/04\/indiba-corporal-291x300.png 291w, https:\/\/aquamarinepuertopollensa.com\/wp-content\/uploads\/2026\/04\/indiba-corporal-768x790.png 768w, https:\/\/aquamarinepuertopollensa.com\/wp-content\/uploads\/2026\/04\/indiba-corporal-12x12.png 12w, https:\/\/aquamarinepuertopollensa.com\/wp-content\/uploads\/2026\/04\/indiba-corporal.png 1200w\" sizes=\"(max-width: 800px) 100vw, 800px\" \/>\t\t\t\t\t\t\t\t\t\t\t\t\t\t\t<\/div>\n\t\t\t\t<\/div>\n\t\t\t\t\t<\/div>\n\t\t\t\t<\/div>\n\t\t<div class=\"elementor-element elementor-element-1830237 e-flex e-con-boxed e-con e-parent\" data-id=\"1830237\" data-element_type=\"container\" data-e-type=\"container\">\n\t\t\t\t\t<div class=\"e-con-inner\">\n\t\t<div class=\"elementor-element elementor-element-865141f e-con-full e-flex e-con e-child\" data-id=\"865141f\" data-element_type=\"container\" data-e-type=\"container\">\n\t\t\t\t<div class=\"elementor-element elementor-element-4b8065a elementor-widget elementor-widget-heading\" data-id=\"4b8065a\" data-element_type=\"widget\" data-e-type=\"widget\" data-widget_type=\"heading.default\">\n\t\t\t\t\t<h2 class=\"elementor-heading-title elementor-size-default\">Depilaci\u00f3n l\u00e1ser indolora\n<\/h2>\t\t\t\t<\/div>\n\t\t\t\t<div class=\"elementor-element elementor-element-c929d72 elementor-widget elementor-widget-text-editor\" data-id=\"c929d72\" data-element_type=\"widget\" data-e-type=\"widget\" data-widget_type=\"text-editor.default\">\n\t\t\t\t\t\t\t\t\t<p class=\"\" data-start=\"1341\" data-end=\"1541\">La mejor manera de eliminar el vello corporal y facial de forma permanente.<br \/>Nuestro equipo LXD es un l\u00e1ser LED altamente efectivo y que gracias a su tecnolog\u00eda se puede realizar durante todo el a\u00f1o.<br \/>Totalmente indoloro y seguro para tu piel.<\/p>\t\t\t\t\t\t\t\t<\/div>\n\t\t\t\t<\/div>\n\t\t<div class=\"elementor-element elementor-element-283e26c e-con-full e-flex e-con e-child\" data-id=\"283e26c\" data-element_type=\"container\" data-e-type=\"container\">\n\t\t\t\t<div class=\"elementor-element elementor-element-e03db60 elementor-widget elementor-widget-image\" data-id=\"e03db60\" data-element_type=\"widget\" data-e-type=\"widget\" data-widget_type=\"image.default\">\n\t\t\t\t\t\t\t\t\t\t\t\t\t\t\t<img alt=\"\" loading=\"lazy\" decoding=\"async\" width=\"800\" height=\"778\" src=\"https:\/\/aquamarinepuertopollensa.com\/wp-content\/uploads\/2025\/05\/WhatsApp-Image-2025-05-14-at-12.36.49-1024x996.jpeg\" class=\"attachment-large size-large wp-image-1022\" srcset=\"https:\/\/aquamarinepuertopollensa.com\/wp-content\/uploads\/2025\/05\/WhatsApp-Image-2025-05-14-at-12.36.49-1024x996.jpeg 1024w, https:\/\/aquamarinepuertopollensa.com\/wp-content\/uploads\/2025\/05\/WhatsApp-Image-2025-05-14-at-12.36.49-300x292.jpeg 300w, https:\/\/aquamarinepuertopollensa.com\/wp-content\/uploads\/2025\/05\/WhatsApp-Image-2025-05-14-at-12.36.49-768x747.jpeg 768w, https:\/\/aquamarinepuertopollensa.com\/wp-content\/uploads\/2025\/05\/WhatsApp-Image-2025-05-14-at-12.36.49.jpeg 1179w\" sizes=\"(max-width: 800px) 100vw, 800px\" \/>\t\t\t\t\t\t\t\t\t\t\t\t\t\t\t<\/div>\n\t\t\t\t<\/div>\n\t\t\t\t\t<\/div>\n\t\t\t\t<\/div>\n\t\t<div class=\"elementor-element elementor-element-9d2c08a e-flex e-con-boxed e-con e-parent\" data-id=\"9d2c08a\" data-element_type=\"container\" data-e-type=\"container\" data-settings=\"{&quot;background_background&quot;:&quot;classic&quot;}\">\n\t\t\t\t\t<div class=\"e-con-inner\">\n\t\t<div class=\"elementor-element elementor-element-36816ad e-con-full e-flex e-con e-child\" data-id=\"36816ad\" data-element_type=\"container\" data-e-type=\"container\">\n\t\t\t\t<div class=\"elementor-element elementor-element-fd7800a elementor-widget elementor-widget-heading\" data-id=\"fd7800a\" data-element_type=\"widget\" data-e-type=\"widget\" data-widget_type=\"heading.default\">\n\t\t\t\t\t<h2 class=\"elementor-heading-title elementor-size-default\">Titans<\/h2>\t\t\t\t<\/div>\n\t\t\t\t<div class=\"elementor-element elementor-element-f0fa787 elementor-widget elementor-widget-text-editor\" data-id=\"f0fa787\" data-element_type=\"widget\" data-e-type=\"widget\" data-widget_type=\"text-editor.default\">\n\t\t\t\t\t\t\t\t\t<p class=\"\" data-start=\"1077\" data-end=\"1297\">Electromagnetismo focalizado de alta intensidad, con este equipo tratamos p\u00e9rdida de grasa, tonificaci\u00f3n y ganancia de masa muscular.<br \/>Produce 30000 contracciones musculares por tratamiento ayudando a acelerar el metabolismo y conseguir \u00f3ptimos resultados.<br \/>Indicado para:<br \/>Flacidez muscular, piel de naranja, p\u00e9rdida de grasa y drenaje linf\u00e1tico.<\/p>\t\t\t\t\t\t\t\t<\/div>\n\t\t\t\t<\/div>\n\t\t<div class=\"elementor-element elementor-element-2964384 e-con-full e-flex e-con e-child\" data-id=\"2964384\" data-element_type=\"container\" data-e-type=\"container\">\n\t\t\t\t<div class=\"elementor-element elementor-element-a45be4f elementor-widget elementor-widget-image\" data-id=\"a45be4f\" data-element_type=\"widget\" data-e-type=\"widget\" data-widget_type=\"image.default\">\n\t\t\t\t\t\t\t\t\t\t\t\t\t\t\t<img alt=\"\" loading=\"lazy\" decoding=\"async\" width=\"800\" height=\"802\" src=\"https:\/\/aquamarinepuertopollensa.com\/wp-content\/uploads\/2025\/04\/9335C17B-C60D-404C-BEE2-1E1B6E7E9264-1021x1024.jpg\" class=\"attachment-large size-large wp-image-895\" srcset=\"https:\/\/aquamarinepuertopollensa.com\/wp-content\/uploads\/2025\/04\/9335C17B-C60D-404C-BEE2-1E1B6E7E9264-1021x1024.jpg 1021w, https:\/\/aquamarinepuertopollensa.com\/wp-content\/uploads\/2025\/04\/9335C17B-C60D-404C-BEE2-1E1B6E7E9264-300x300.jpg 300w, https:\/\/aquamarinepuertopollensa.com\/wp-content\/uploads\/2025\/04\/9335C17B-C60D-404C-BEE2-1E1B6E7E9264-150x150.jpg 150w, https:\/\/aquamarinepuertopollensa.com\/wp-content\/uploads\/2025\/04\/9335C17B-C60D-404C-BEE2-1E1B6E7E9264-768x770.jpg 768w, https:\/\/aquamarinepuertopollensa.com\/wp-content\/uploads\/2025\/04\/9335C17B-C60D-404C-BEE2-1E1B6E7E9264.jpg 1072w\" sizes=\"(max-width: 800px) 100vw, 800px\" \/>\t\t\t\t\t\t\t\t\t\t\t\t\t\t\t<\/div>\n\t\t\t\t<\/div>\n\t\t\t\t\t<\/div>\n\t\t\t\t<\/div>\n\t\t<div class=\"elementor-element elementor-element-0208a1b e-flex e-con-boxed e-con e-parent\" data-id=\"0208a1b\" data-element_type=\"container\" data-e-type=\"container\">\n\t\t\t\t\t<div class=\"e-con-inner\">\n\t\t<div class=\"elementor-element elementor-element-69db8da e-con-full e-flex e-con e-child\" data-id=\"69db8da\" data-element_type=\"container\" data-e-type=\"container\">\n\t\t\t\t<div class=\"elementor-element elementor-element-e48f451 elementor-widget elementor-widget-heading\" data-id=\"e48f451\" data-element_type=\"widget\" data-e-type=\"widget\" data-widget_type=\"heading.default\">\n\t\t\t\t\t<h2 class=\"elementor-heading-title elementor-size-default\">FHOS LED SySTEM<\/h2>\t\t\t\t<\/div>\n\t\t\t\t<div class=\"elementor-element elementor-element-0a37990 elementor-widget elementor-widget-text-editor\" data-id=\"0a37990\" data-element_type=\"widget\" data-e-type=\"widget\" data-widget_type=\"text-editor.default\">\n\t\t\t\t\t\t\t\t\t<p>Es una tecnolog\u00eda patentada para trabajar todo el cuerpo globalmente en una misma sesi\u00f3n.<br \/>Combinando terapia LED, magnetoterapia, sistema de vibraci\u00f3n con ultrasonido, luz infrarroja y por supuesto activos Fhos.<\/p><p>CONSEGUIR\u00c1S <br \/>* Activar la circulaci\u00f3n y la regeneraci\u00f3n celular.<br \/>* Reducir volumen.<br \/>* Combatir la celulitis.<br \/>* Eliminar la retenci\u00f3n de l\u00edquidos.<br \/>* Piel revitalizada, rejuvenecida y tonificada.<\/p>\t\t\t\t\t\t\t\t<\/div>\n\t\t\t\t<\/div>\n\t\t<div class=\"elementor-element elementor-element-e3bf401 e-con-full e-flex e-con e-child\" data-id=\"e3bf401\" data-element_type=\"container\" data-e-type=\"container\">\n\t\t\t\t<div class=\"elementor-element elementor-element-2d25c38 elementor-widget elementor-widget-image\" data-id=\"2d25c38\" data-element_type=\"widget\" data-e-type=\"widget\" data-widget_type=\"image.default\">\n\t\t\t\t\t\t\t\t\t\t\t\t\t\t\t<img alt=\"\" loading=\"lazy\" decoding=\"async\" width=\"512\" height=\"768\" src=\"https:\/\/aquamarinepuertopollensa.com\/wp-content\/uploads\/2025\/05\/unnamed-1.jpg\" class=\"attachment-full size-full wp-image-1035\" srcset=\"https:\/\/aquamarinepuertopollensa.com\/wp-content\/uploads\/2025\/05\/unnamed-1.jpg 512w, https:\/\/aquamarinepuertopollensa.com\/wp-content\/uploads\/2025\/05\/unnamed-1-200x300.jpg 200w\" sizes=\"(max-width: 512px) 100vw, 512px\" \/>\t\t\t\t\t\t\t\t\t\t\t\t\t\t\t<\/div>\n\t\t\t\t<\/div>\n\t\t\t\t\t<\/div>\n\t\t\t\t<\/div>\n\t\t<div class=\"elementor-element elementor-element-0eabe43 e-flex e-con-boxed e-con e-parent\" data-id=\"0eabe43\" data-element_type=\"container\" data-e-type=\"container\" data-settings=\"{&quot;background_background&quot;:&quot;classic&quot;}\">\n\t\t\t\t\t<div class=\"e-con-inner\">\n\t\t<div class=\"elementor-element elementor-element-1df25f5 e-con-full e-flex e-con e-child\" data-id=\"1df25f5\" data-element_type=\"container\" data-e-type=\"container\">\n\t\t\t\t<div class=\"elementor-element elementor-element-f989a9d elementor-widget elementor-widget-heading\" data-id=\"f989a9d\" data-element_type=\"widget\" data-e-type=\"widget\" data-widget_type=\"heading.default\">\n\t\t\t\t\t<h2 class=\"elementor-heading-title elementor-size-default\">Masajes<\/h2>\t\t\t\t<\/div>\n\t\t\t\t<div class=\"elementor-element elementor-element-85a514c elementor-widget elementor-widget-text-editor\" data-id=\"85a514c\" data-element_type=\"widget\" data-e-type=\"widget\" data-widget_type=\"text-editor.default\">\n\t\t\t\t\t\t\t\t\t<p>Relaja cuerpo y mente.<\/p><p>Los masajes tienen m\u00faltiples beneficios como aliviar contracturas, activar la circulaci\u00f3n, drenar, bajar los niveles de cortisol y relajar.<br \/>En nuestro centro te ofrecemos masajes deportivos, descontracturantes, relajantes y dranaje linf\u00e1tico.<\/p>\t\t\t\t\t\t\t\t<\/div>\n\t\t\t\t<\/div>\n\t\t<div class=\"elementor-element elementor-element-28a462a e-con-full e-flex e-con e-child\" data-id=\"28a462a\" data-element_type=\"container\" data-e-type=\"container\">\n\t\t\t\t<div class=\"elementor-element elementor-element-16e3257 elementor-widget elementor-widget-image\" data-id=\"16e3257\" data-element_type=\"widget\" data-e-type=\"widget\" data-widget_type=\"image.default\">\n\t\t\t\t\t\t\t\t\t\t\t\t\t\t\t<img alt=\"\" loading=\"lazy\" decoding=\"async\" width=\"758\" height=\"1024\" src=\"https:\/\/aquamarinepuertopollensa.com\/wp-content\/uploads\/2025\/05\/WhatsApp-Image-2025-05-21-at-14.19.21-758x1024.jpeg\" class=\"attachment-large size-large wp-image-1053\" srcset=\"https:\/\/aquamarinepuertopollensa.com\/wp-content\/uploads\/2025\/05\/WhatsApp-Image-2025-05-21-at-14.19.21-758x1024.jpeg 758w, https:\/\/aquamarinepuertopollensa.com\/wp-content\/uploads\/2025\/05\/WhatsApp-Image-2025-05-21-at-14.19.21-222x300.jpeg 222w, https:\/\/aquamarinepuertopollensa.com\/wp-content\/uploads\/2025\/05\/WhatsApp-Image-2025-05-21-at-14.19.21-768x1038.jpeg 768w, https:\/\/aquamarinepuertopollensa.com\/wp-content\/uploads\/2025\/05\/WhatsApp-Image-2025-05-21-at-14.19.21.jpeg 1128w\" sizes=\"(max-width: 758px) 100vw, 758px\" \/>\t\t\t\t\t\t\t\t\t\t\t\t\t\t\t<\/div>\n\t\t\t\t<\/div>\n\t\t\t\t\t<\/div>\n\t\t\t\t<\/div>\n\t\t<div class=\"elementor-element elementor-element-abe700c e-flex e-con-boxed e-con e-parent\" data-id=\"abe700c\" data-element_type=\"container\" data-e-type=\"container\">\n\t\t\t\t\t<div class=\"e-con-inner\">\n\t\t<div class=\"elementor-element elementor-element-ab9510d e-con-full e-flex e-con e-child\" data-id=\"ab9510d\" data-element_type=\"container\" data-e-type=\"container\">\n\t\t\t\t<div class=\"elementor-element elementor-element-60c20ec elementor-widget elementor-widget-heading\" data-id=\"60c20ec\" data-element_type=\"widget\" data-e-type=\"widget\" data-widget_type=\"heading.default\">\n\t\t\t\t\t<h2 class=\"elementor-heading-title elementor-size-default\">Rejuvenecimiento de manos y\/o escote\n<\/h2>\t\t\t\t<\/div>\n\t\t\t\t<div class=\"elementor-element elementor-element-6aa3a54 elementor-widget elementor-widget-text-editor\" data-id=\"6aa3a54\" data-element_type=\"widget\" data-e-type=\"widget\" data-widget_type=\"text-editor.default\">\n\t\t\t\t\t\t\t\t\t<p class=\"\" data-start=\"2119\" data-end=\"2303\">Estas dos zonas delatan nuestra edad al instante.<br data-start=\"2168\" data-end=\"2171\" \/>Con nuestro rejuvenecimiento lograr\u00e1s:<br data-start=\"2209\" data-end=\"2212\" \/>Atenuar hiperpigmentaciones, una piel hidratada, renovada, con m\u00e1s firmeza y menos arrugas.<\/p>\t\t\t\t\t\t\t\t<\/div>\n\t\t\t\t<\/div>\n\t\t<div class=\"elementor-element elementor-element-01ed701 e-con-full e-flex e-con e-child\" data-id=\"01ed701\" data-element_type=\"container\" data-e-type=\"container\">\n\t\t\t\t<div class=\"elementor-element elementor-element-4097f25 elementor-widget elementor-widget-image\" data-id=\"4097f25\" data-element_type=\"widget\" data-e-type=\"widget\" data-widget_type=\"image.default\">\n\t\t\t\t\t\t\t\t\t\t\t\t\t\t\t<img alt=\"\" loading=\"lazy\" decoding=\"async\" width=\"1200\" height=\"793\" src=\"https:\/\/aquamarinepuertopollensa.com\/wp-content\/uploads\/2025\/05\/WhatsApp-Image-2025-05-21-at-15.20.30.jpeg\" class=\"attachment-full size-full wp-image-1057\" srcset=\"https:\/\/aquamarinepuertopollensa.com\/wp-content\/uploads\/2025\/05\/WhatsApp-Image-2025-05-21-at-15.20.30.jpeg 1200w, https:\/\/aquamarinepuertopollensa.com\/wp-content\/uploads\/2025\/05\/WhatsApp-Image-2025-05-21-at-15.20.30-300x198.jpeg 300w, https:\/\/aquamarinepuertopollensa.com\/wp-content\/uploads\/2025\/05\/WhatsApp-Image-2025-05-21-at-15.20.30-1024x677.jpeg 1024w, https:\/\/aquamarinepuertopollensa.com\/wp-content\/uploads\/2025\/05\/WhatsApp-Image-2025-05-21-at-15.20.30-768x508.jpeg 768w\" sizes=\"(max-width: 1200px) 100vw, 1200px\" \/>\t\t\t\t\t\t\t\t\t\t\t\t\t\t\t<\/div>\n\t\t\t\t<\/div>\n\t\t\t\t\t<\/div>\n\t\t\t\t<\/div>\n\t\t\t\t<\/div>","protected":false},"excerpt":{"rendered":"<p>Fhos corporal Tratamiento patentado que combina el fotorrejuvenecimiento con la tecnolog\u00eda de cosm\u00e9tica bioluminiscente de Fhos y su luz atermica, permitiendo penetrarar los activos hasta las capas m\u00e1s profundas de la piel.Conseguiremos mejorar la piel de naranja, reducir grasa localizada, una piel firme, mucho m\u00e1s el\u00e1stica y joven . carb\u00f3n Activo de espalda Purifica y [&hellip;]<\/p>\n","protected":false},"author":1,"featured_media":0,"parent":0,"menu_order":0,"comment_status":"closed","ping_status":"closed","template":"","meta":{"_seopress_robots_primary_cat":"","_seopress_titles_title":"","_seopress_titles_desc":"","_seopress_robots_index":"","footnotes":""},"class_list":["post-699","page","type-page","status-publish","hentry"],"_links":{"self":[{"href":"https:\/\/aquamarinepuertopollensa.com\/en\/wp-json\/wp\/v2\/pages\/699","targetHints":{"allow":["GET"]}}],"collection":[{"href":"https:\/\/aquamarinepuertopollensa.com\/en\/wp-json\/wp\/v2\/pages"}],"about":[{"href":"https:\/\/aquamarinepuertopollensa.com\/en\/wp-json\/wp\/v2\/types\/page"}],"author":[{"embeddable":true,"href":"https:\/\/aquamarinepuertopollensa.com\/en\/wp-json\/wp\/v2\/users\/1"}],"replies":[{"embeddable":true,"href":"https:\/\/aquamarinepuertopollensa.com\/en\/wp-json\/wp\/v2\/comments?post=699"}],"version-history":[{"count":10,"href":"https:\/\/aquamarinepuertopollensa.com\/en\/wp-json\/wp\/v2\/pages\/699\/revisions"}],"predecessor-version":[{"id":1249,"href":"https:\/\/aquamarinepuertopollensa.com\/en\/wp-json\/wp\/v2\/pages\/699\/revisions\/1249"}],"wp:attachment":[{"href":"https:\/\/aquamarinepuertopollensa.com\/en\/wp-json\/wp\/v2\/media?parent=699"}],"curies":[{"name":"wp","href":"https:\/\/api.w.org\/{rel}","templated":true}]}}