{"id":204,"date":"2025-03-12T11:49:54","date_gmt":"2025-03-12T11:49:54","guid":{"rendered":"https:\/\/aquamarinepuertopollensa.com\/?page_id=204"},"modified":"2026-01-13T07:07:26","modified_gmt":"2026-01-13T07:07:26","slug":"politica-de-cookies","status":"publish","type":"page","link":"https:\/\/aquamarinepuertopollensa.com\/en\/politica-de-cookies\/","title":{"rendered":"Pol\u00edtica de cookies"},"content":{"rendered":"<div data-elementor-type=\"wp-page\" data-elementor-id=\"204\" class=\"elementor elementor-204\" data-elementor-post-type=\"page\">\n\t\t\t\t<div class=\"elementor-element elementor-element-51e3a95e e-flex e-con-boxed e-con e-parent\" data-id=\"51e3a95e\" data-element_type=\"container\" data-e-type=\"container\">\n\t\t\t\t\t<div class=\"e-con-inner\">\n\t\t\t\t<div class=\"elementor-element elementor-element-63ed3e43 elementor-widget elementor-widget-text-editor\" data-id=\"63ed3e43\" data-element_type=\"widget\" data-e-type=\"widget\" data-widget_type=\"text-editor.default\">\n\t\t\t\t\t\t\t\t\t\n<p><\/p>\n\n\n\n<p><\/p>\n\t\t\t\t\t\t\t\t<\/div>\n\t\t\t\t\t<\/div>\n\t\t\t\t<\/div>\n\t\t<div class=\"elementor-element elementor-element-077ba0c e-flex e-con-boxed e-con e-parent\" data-id=\"077ba0c\" data-element_type=\"container\" data-e-type=\"container\">\n\t\t\t\t\t<div class=\"e-con-inner\">\n\t\t\t\t<div class=\"elementor-element elementor-element-4b0e429 elementor-widget elementor-widget-text-editor\" data-id=\"4b0e429\" data-element_type=\"widget\" data-e-type=\"widget\" data-widget_type=\"text-editor.default\">\n\t\t\t\t\t\t\t\t\t<p data-start=\"277\" data-end=\"682\">En cumplimiento de lo dispuesto en la Ley 34\/2002, de Servicios de la Sociedad de la Informaci\u00f3n y de Comercio Electr\u00f3nico (LSSI-CE), la Directiva (UE) 2002\/58\/CE modificada por la Directiva 2009\/136\/CE, as\u00ed como el Reglamento (UE) 2016\/679 (RGPD) y la normativa espa\u00f1ola que lo desarrolla, informamos a los usuarios sobre el uso de cookies en el sitio web de <strong data-start=\"637\" data-end=\"651\">AquaMarine<\/strong> (en adelante, \u201cel Sitio Web\u201d).<\/p>\n<h2 data-start=\"684\" data-end=\"711\">1. \u00bfQu\u00e9 son las cookies?<\/h2>\n<p data-start=\"713\" data-end=\"1109\">Las <strong data-start=\"717\" data-end=\"728\">cookies<\/strong> son peque\u00f1os archivos de texto que se descargan y almacenan en el navegador o dispositivo (ordenador, smartphone, tablet, etc.) del usuario cuando visita una p\u00e1gina web. Su utilidad es permitir que el Sitio Web reconozca el dispositivo del usuario y recuerde ciertos datos sobre su actividad, con el fin de facilitar la navegaci\u00f3n y, en algunos casos, personalizar los contenidos.<\/p>\n<h2 data-start=\"1111\" data-end=\"1146\">2. \u00bfPara qu\u00e9 sirven las cookies?<\/h2>\n<p data-start=\"1148\" data-end=\"1276\">El uso de cookies ofrece numerosas ventajas en la prestaci\u00f3n de servicios de la sociedad de la informaci\u00f3n, ya que, entre otras:<\/p>\n<ul data-start=\"1278\" data-end=\"1726\">\n<li data-start=\"1278\" data-end=\"1353\">Facilitan el <strong data-start=\"1293\" data-end=\"1316\">buen funcionamiento<\/strong> y la <strong data-start=\"1322\" data-end=\"1336\">navegaci\u00f3n<\/strong> del Sitio Web.<\/li>\n<li data-start=\"1354\" data-end=\"1469\"><strong data-start=\"1356\" data-end=\"1367\">Guardan<\/strong> las preferencias del usuario, como el idioma o el tama\u00f1o de letra, mejorando la experiencia de uso.<\/li>\n<li data-start=\"1470\" data-end=\"1605\">Ayudan a <strong data-start=\"1481\" data-end=\"1495\">comprender<\/strong> c\u00f3mo interact\u00faan los usuarios con el Sitio Web mediante la recopilaci\u00f3n de informaci\u00f3n estad\u00edstica an\u00f3nima.<\/li>\n<li data-start=\"1606\" data-end=\"1726\">Permiten ofrecer <strong data-start=\"1625\" data-end=\"1653\">publicidad personalizada<\/strong> en funci\u00f3n de los h\u00e1bitos de navegaci\u00f3n de cada usuario, cuando proceda.<\/li>\n<\/ul>\n<h2 data-start=\"1728\" data-end=\"1765\">3. Tipos de cookies que utilizamos<\/h2>\n<p data-start=\"1767\" data-end=\"1848\">En el Sitio Web de AquaMarine se pueden utilizar cookies de los siguientes tipos:<\/p>\n<ol data-start=\"1850\" data-end=\"3710\">\n<li data-start=\"1850\" data-end=\"2287\">\n<p data-start=\"1853\" data-end=\"1892\"><strong data-start=\"1853\" data-end=\"1890\">Seg\u00fan la entidad que las gestiona<\/strong><\/p>\n<ul data-start=\"1896\" data-end=\"2287\">\n<li data-start=\"1896\" data-end=\"2076\"><strong data-start=\"1898\" data-end=\"1917\">Cookies propias<\/strong>: Aqu\u00e9llas que se env\u00edan al dispositivo del usuario desde un dominio gestionado por la titular del Sitio Web y desde el que se presta el servicio solicitado.<\/li>\n<li data-start=\"2080\" data-end=\"2287\"><strong data-start=\"2082\" data-end=\"2105\">Cookies de terceros<\/strong>: Aqu\u00e9llas que se env\u00edan al dispositivo del usuario desde un dominio que no es gestionado por la titular, sino por otra entidad que trata los datos obtenidos a trav\u00e9s de las cookies.<\/li>\n<\/ul>\n<\/li>\n<li data-start=\"2289\" data-end=\"3345\">\n<p data-start=\"2292\" data-end=\"2316\"><strong data-start=\"2292\" data-end=\"2314\">Seg\u00fan su finalidad<\/strong><\/p>\n<ul data-start=\"2320\" data-end=\"3345\">\n<li data-start=\"2320\" data-end=\"2477\"><strong data-start=\"2322\" data-end=\"2342\">Cookies t\u00e9cnicas<\/strong>: Permiten al usuario la navegaci\u00f3n a trav\u00e9s del Sitio Web y la utilizaci\u00f3n de las diferentes opciones o servicios que en \u00e9l existan.<\/li>\n<li data-start=\"2481\" data-end=\"2694\"><strong data-start=\"2483\" data-end=\"2513\">Cookies de personalizaci\u00f3n<\/strong>: Permiten al usuario acceder al servicio con algunas caracter\u00edsticas de car\u00e1cter general predefinidas, como puede ser el idioma, el tipo de navegador o la configuraci\u00f3n regional.<\/li>\n<li data-start=\"2698\" data-end=\"2920\"><strong data-start=\"2700\" data-end=\"2723\">Cookies de an\u00e1lisis<\/strong>: Permiten cuantificar el n\u00famero de usuarios y realizar la medici\u00f3n y an\u00e1lisis estad\u00edstico de la utilizaci\u00f3n del Sitio Web, con el fin de mejorar la oferta de productos o servicios que ofrecemos.<\/li>\n<li data-start=\"2924\" data-end=\"3056\"><strong data-start=\"2926\" data-end=\"2951\">Cookies de publicidad<\/strong>: Permiten la gesti\u00f3n de los espacios publicitarios que, en su caso, se hayan incluido en el Sitio Web.<\/li>\n<li data-start=\"3060\" data-end=\"3345\"><strong data-start=\"3062\" data-end=\"3102\">Cookies de publicidad comportamental<\/strong>: Almacenan informaci\u00f3n del comportamiento de los usuarios obtenida a trav\u00e9s de la observaci\u00f3n continuada de sus h\u00e1bitos de navegaci\u00f3n, lo que permite desarrollar un perfil espec\u00edfico para mostrar publicidad en funci\u00f3n de dicho comportamiento.<\/li>\n<\/ul>\n<\/li>\n<li data-start=\"3347\" data-end=\"3710\">\n<p data-start=\"3350\" data-end=\"3403\"><strong data-start=\"3350\" data-end=\"3401\">Seg\u00fan el plazo de tiempo que permanecen activas<\/strong><\/p>\n<ul data-start=\"3407\" data-end=\"3710\">\n<li data-start=\"3407\" data-end=\"3537\"><strong data-start=\"3409\" data-end=\"3430\">Cookies de sesi\u00f3n<\/strong>: Recaban y almacenan datos mientras el usuario accede al Sitio Web y se eliminan al cerrar el navegador.<\/li>\n<li data-start=\"3541\" data-end=\"3710\"><strong data-start=\"3543\" data-end=\"3567\">Cookies persistentes<\/strong>: Siguen almacenadas en el dispositivo y pueden ser accedidas y tratadas durante un periodo de tiempo definido por el responsable de la cookie.<\/li>\n<\/ul>\n<\/li>\n<\/ol>\n<h2 data-start=\"3712\" data-end=\"3771\">4. Cookies espec\u00edficas que se utilizan en este Sitio Web<\/h2>\n<p data-start=\"3773\" data-end=\"3853\">A modo de ejemplo (y dependiendo de tu configuraci\u00f3n real), podr\u00edamos encontrar:<\/p>\n<ul data-start=\"3855\" data-end=\"4106\">\n<li data-start=\"3855\" data-end=\"3949\"><strong data-start=\"3857\" data-end=\"3877\">Cookies t\u00e9cnicas<\/strong> (propias) para permitir la navegaci\u00f3n y recordar el inicio de sesi\u00f3n.<\/li>\n<li data-start=\"3950\" data-end=\"4106\"><strong data-start=\"3952\" data-end=\"3975\">Cookies de an\u00e1lisis<\/strong> (terceros, por ejemplo, Google Analytics) para recopilar informaci\u00f3n an\u00f3nima sobre el uso del Sitio Web y ayudarnos a mejorarlo.<\/li>\n<\/ul>\n<p data-start=\"4108\" data-end=\"4258\">Cuando se instalen cookies de terceros, se recomienda consultar la pol\u00edtica de cookies de cada uno de ellos, disponible en sus respectivos sitios web.<\/p>\n<h2 data-start=\"4260\" data-end=\"4312\">5. Aceptaci\u00f3n, configuraci\u00f3n y rechazo de cookies<\/h2>\n<p data-start=\"4314\" data-end=\"4412\">Al acceder por primera vez al Sitio Web, se mostrar\u00e1 un aviso de cookies que permitir\u00e1 al usuario:<\/p>\n<ul data-start=\"4414\" data-end=\"4738\">\n<li data-start=\"4414\" data-end=\"4470\"><strong data-start=\"4416\" data-end=\"4427\">Aceptar<\/strong> la instalaci\u00f3n de las cookies descritas.<\/li>\n<li data-start=\"4471\" data-end=\"4592\"><strong data-start=\"4473\" data-end=\"4485\">Rechazar<\/strong> la instalaci\u00f3n de cualquier o todas las cookies no imprescindibles para el funcionamiento del Sitio Web.<\/li>\n<li data-start=\"4593\" data-end=\"4738\"><strong data-start=\"4595\" data-end=\"4609\">Configurar<\/strong> sus preferencias de cookies de forma granular, seleccionando \u00fanicamente las categor\u00edas de cookies que desee permitir o bloquear.<\/li>\n<\/ul>\n<p data-start=\"4740\" data-end=\"5001\">El usuario podr\u00e1 modificar, en cualquier momento, la configuraci\u00f3n de aceptaci\u00f3n, bloqueo o eliminaci\u00f3n de cookies. Para ello, puede acceder al <strong data-start=\"4884\" data-end=\"4921\">panel de configuraci\u00f3n de cookies<\/strong> (si est\u00e1 disponible en el Sitio Web) o seguir las indicaciones de su navegador:<\/p>\n<ul data-start=\"5003\" data-end=\"5433\">\n<li data-start=\"5003\" data-end=\"5099\"><strong data-start=\"5005\" data-end=\"5022\">Google Chrome<\/strong>: <a target=\"_new\" rel=\"noopener\" data-start=\"5024\" data-end=\"5097\">Soporte de Google<\/a><\/li>\n<li data-start=\"5100\" data-end=\"5197\"><strong data-start=\"5102\" data-end=\"5121\">Mozilla Firefox<\/strong>: <a href=\"https:\/\/support.mozilla.org\/es\/kb\/Borrar%20cookies\" target=\"_new\" rel=\"noopener\" data-start=\"5123\" data-end=\"5195\">Soporte de Mozilla<\/a><\/li>\n<li data-start=\"5198\" data-end=\"5292\"><strong data-start=\"5200\" data-end=\"5210\">Safari<\/strong>: <a href=\"https:\/\/support.apple.com\/es-es\/guide\/safari\/sfri11471\/mac\" target=\"_new\" rel=\"noopener\" data-start=\"5212\" data-end=\"5290\">Soporte de Apple<\/a><\/li>\n<li data-start=\"5293\" data-end=\"5433\"><strong data-start=\"5295\" data-end=\"5313\">Microsoft Edge<\/strong>: <a href=\"https:\/\/support.microsoft.com\/es-es\/help\/17442\/windows-internet-explorer-delete-manage-cookies\" target=\"_new\" rel=\"noopener\" data-start=\"5315\" data-end=\"5433\">Soporte de Microsoft<\/a><\/li>\n<\/ul>\n<h2 data-start=\"5435\" data-end=\"5482\">6. Transferencias de datos a terceros pa\u00edses<\/h2>\n<p data-start=\"5484\" data-end=\"5845\">En caso de que las cookies utilizadas en el Sitio Web supongan la transferencia de datos a servidores situados en terceros pa\u00edses (por ejemplo, por parte de proveedores de servicios como Google), la titular se asegura de que dichas transferencias se realicen con las garant\u00edas adecuadas y cumpliendo con la normativa aplicable en materia de protecci\u00f3n de datos.<\/p>\n<h2 data-start=\"5847\" data-end=\"5904\">7. Actualizaciones y cambios en la Pol\u00edtica de Cookies<\/h2>\n<p data-start=\"5906\" data-end=\"6292\">La presente Pol\u00edtica de Cookies puede sufrir modificaciones en funci\u00f3n de exigencias legales o de adaptaci\u00f3n a las instrucciones dictadas por las autoridades de protecci\u00f3n de datos. Se recomienda a los usuarios revisarla peri\u00f3dicamente. En caso de cambios significativos, se informar\u00e1 a los usuarios mediante un aviso en el Sitio Web o a trav\u00e9s de correo electr\u00f3nico, seg\u00fan corresponda.<\/p>\n<h2 data-start=\"6294\" data-end=\"6308\">8. Contacto<\/h2>\n<p data-start=\"6310\" data-end=\"6424\">Para cualquier duda o consulta relacionada con esta Pol\u00edtica de Cookies, el usuario puede ponerse en contacto con:<\/p>\n<ul data-start=\"6426\" data-end=\"6628\">\n<li data-start=\"6426\" data-end=\"6465\"><strong data-start=\"6428\" data-end=\"6439\">Titular<\/strong>: Adriana Ort\u00edz Bernadet<\/li>\n<li data-start=\"6466\" data-end=\"6504\"><strong data-start=\"6468\" data-end=\"6481\">Direcci\u00f3n<\/strong>: Calle Tramuntana, 9<\/li>\n<li data-start=\"6505\" data-end=\"6532\"><strong data-start=\"6507\" data-end=\"6519\">Tel\u00e9fono<\/strong>: 616357319<\/li>\n<li data-start=\"6533\" data-end=\"6628\"><strong data-start=\"6535\" data-end=\"6557\">Correo electr\u00f3nico<\/strong>: <a rel=\"noopener\" data-start=\"6559\" data-end=\"6628\">stefanyrizzaleortiz@gmail.com<\/a><\/li>\n<\/ul>\t\t\t\t\t\t\t\t<\/div>\n\t\t\t\t\t<\/div>\n\t\t\t\t<\/div>\n\t\t\t\t<\/div>","protected":false},"excerpt":{"rendered":"<p>En cumplimiento de lo dispuesto en la Ley 34\/2002, de Servicios de la Sociedad de la Informaci\u00f3n y de Comercio Electr\u00f3nico (LSSI-CE), la Directiva (UE) 2002\/58\/CE modificada por la Directiva 2009\/136\/CE, as\u00ed como el Reglamento (UE) 2016\/679 (RGPD) y la normativa espa\u00f1ola que lo desarrolla, informamos a los usuarios sobre el uso de cookies en [&hellip;]<\/p>\n","protected":false},"author":1,"featured_media":0,"parent":0,"menu_order":0,"comment_status":"closed","ping_status":"closed","template":"","meta":{"_seopress_robots_primary_cat":"","_seopress_titles_title":"","_seopress_titles_desc":"","_seopress_robots_index":"yes","footnotes":""},"class_list":["post-204","page","type-page","status-publish","hentry"],"_links":{"self":[{"href":"https:\/\/aquamarinepuertopollensa.com\/en\/wp-json\/wp\/v2\/pages\/204","targetHints":{"allow":["GET"]}}],"collection":[{"href":"https:\/\/aquamarinepuertopollensa.com\/en\/wp-json\/wp\/v2\/pages"}],"about":[{"href":"https:\/\/aquamarinepuertopollensa.com\/en\/wp-json\/wp\/v2\/types\/page"}],"author":[{"embeddable":true,"href":"https:\/\/aquamarinepuertopollensa.com\/en\/wp-json\/wp\/v2\/users\/1"}],"replies":[{"embeddable":true,"href":"https:\/\/aquamarinepuertopollensa.com\/en\/wp-json\/wp\/v2\/comments?post=204"}],"version-history":[{"count":1,"href":"https:\/\/aquamarinepuertopollensa.com\/en\/wp-json\/wp\/v2\/pages\/204\/revisions"}],"predecessor-version":[{"id":1214,"href":"https:\/\/aquamarinepuertopollensa.com\/en\/wp-json\/wp\/v2\/pages\/204\/revisions\/1214"}],"wp:attachment":[{"href":"https:\/\/aquamarinepuertopollensa.com\/en\/wp-json\/wp\/v2\/media?parent=204"}],"curies":[{"name":"wp","href":"https:\/\/api.w.org\/{rel}","templated":true}]}}