{"id":202,"date":"2025-03-12T11:49:38","date_gmt":"2025-03-12T11:49:38","guid":{"rendered":"https:\/\/aquamarinepuertopollensa.com\/?page_id=202"},"modified":"2026-01-13T07:07:38","modified_gmt":"2026-01-13T07:07:38","slug":"aviso-legal","status":"publish","type":"page","link":"https:\/\/aquamarinepuertopollensa.com\/en\/aviso-legal\/","title":{"rendered":"Aviso Legal"},"content":{"rendered":"\t\t<div data-elementor-type=\"wp-page\" data-elementor-id=\"202\" class=\"elementor elementor-202\" data-elementor-post-type=\"page\">\n\t\t\t\t<div class=\"elementor-element elementor-element-053ed6a e-flex e-con-boxed e-con e-parent\" data-id=\"053ed6a\" data-element_type=\"container\" data-e-type=\"container\">\n\t\t\t\t\t<div class=\"e-con-inner\">\n\t\t\t\t<div class=\"elementor-element elementor-element-25a2625 elementor-widget elementor-widget-text-editor\" data-id=\"25a2625\" data-element_type=\"widget\" data-e-type=\"widget\" data-widget_type=\"text-editor.default\">\n\t\t\t\t\t\t\t\t\t<p data-start=\"327\" data-end=\"511\"><strong data-start=\"327\" data-end=\"511\">En cumplimiento de la Ley 34\/2002, de 11 de julio, de Servicios de la Sociedad de la Informaci\u00f3n y de Comercio Electr\u00f3nico (LSSI-CE), se informa de los siguientes aspectos legales:<\/strong><\/p><h2 data-start=\"513\" data-end=\"540\">1. Datos Identificativos<\/h2><ul data-start=\"542\" data-end=\"836\"><li data-start=\"542\" data-end=\"595\"><strong data-start=\"544\" data-end=\"569\">Titular del sitio web<\/strong>: Adriana Ort\u00edz Bernadet<\/li><li data-start=\"596\" data-end=\"622\"><strong data-start=\"598\" data-end=\"609\">DNI\/NIF<\/strong>: 41660717N<\/li><li data-start=\"623\" data-end=\"661\"><strong data-start=\"625\" data-end=\"638\">Direcci\u00f3n<\/strong>: Calle Tramuntana, 9<\/li><li data-start=\"662\" data-end=\"701\"><strong data-start=\"664\" data-end=\"688\">Tel\u00e9fono de contacto<\/strong>: 616357319<\/li><li data-start=\"702\" data-end=\"799\"><strong data-start=\"704\" data-end=\"726\">Correo electr\u00f3nico<\/strong>: <a rel=\"noopener\" data-start=\"728\" data-end=\"797\">stefanyrizzaleortiz@gmail.com<\/a><\/li><li data-start=\"800\" data-end=\"836\"><strong data-start=\"802\" data-end=\"822\">Nombre comercial<\/strong>: AquaMarine<\/li><\/ul><p data-start=\"838\" data-end=\"1132\">La presente p\u00e1gina web (en adelante, \u201cel Sitio Web\u201d) se rige por las normas de aplicaci\u00f3n en Espa\u00f1a y se encuentra bajo la responsabilidad de su titular, la persona f\u00edsica y\/o jur\u00eddica arriba mencionada. Para cualquier duda o consulta, puede ponerse en contacto por los medios arriba indicados.<\/p><h2 data-start=\"1134\" data-end=\"1146\">2. Objeto<\/h2><p data-start=\"1148\" data-end=\"1603\">El presente Aviso Legal regula el acceso, navegaci\u00f3n y uso del Sitio Web, as\u00ed como las responsabilidades derivadas de la utilizaci\u00f3n de sus contenidos (entendiendo por \u201ccontenidos\u201d los textos, gr\u00e1ficos, dibujos, dise\u00f1os, c\u00f3digos, software, fotograf\u00edas, v\u00eddeos, sonidos, bases de datos, e informaciones que se incluyan en el Sitio Web). El acceso o utilizaci\u00f3n de este Sitio Web implica la aceptaci\u00f3n de todas las condiciones incluidas en este Aviso Legal.<\/p><h2 data-start=\"1605\" data-end=\"1629\">3. Condiciones de Uso<\/h2><p data-start=\"1631\" data-end=\"2168\">3.1. <strong data-start=\"1636\" data-end=\"1676\">Acceso y Responsabilidad del Usuario<\/strong><br data-start=\"1676\" data-end=\"1679\" \/>El acceso a este Sitio Web es libre y gratuito, salvo en lo relativo al coste de la conexi\u00f3n a la red de comunicaciones que suministra el proveedor de acceso contratado por los usuarios. El mero acceso no implica el establecimiento de ning\u00fan tipo de relaci\u00f3n comercial entre la titular y el usuario. El usuario se compromete a utilizar los servicios e informaciones del Sitio Web de conformidad con la Ley y con lo establecido en este Aviso Legal, as\u00ed como a abstenerse de emplearlos para:<\/p><ul data-start=\"2170\" data-end=\"2632\"><li data-start=\"2170\" data-end=\"2260\">Realizar actividades il\u00edcitas, ilegales o contrarias a la buena fe y al orden p\u00fablico.<\/li><li data-start=\"2261\" data-end=\"2399\">Difundir contenidos de car\u00e1cter racista, xen\u00f3fobo, pornogr\u00e1fico, de apolog\u00eda del terrorismo o que atenten contra los derechos humanos.<\/li><li data-start=\"2400\" data-end=\"2632\">Provocar da\u00f1os en los sistemas f\u00edsicos y l\u00f3gicos del titular del Sitio Web, de sus proveedores o de terceras personas, introduciendo o difundiendo virus inform\u00e1ticos u otros sistemas que sean susceptibles de provocar dichos da\u00f1os.<\/li><\/ul><p data-start=\"2634\" data-end=\"2899\">3.2. <strong data-start=\"2639\" data-end=\"2670\">Veracidad de la Informaci\u00f3n<\/strong><br data-start=\"2670\" data-end=\"2673\" \/>El usuario es responsable de que toda la informaci\u00f3n que facilite, directa o indirectamente, sea veraz, exacta y completa. La titular no se responsabiliza de la inexactitud o falsedad de los datos comunicados por los usuarios.<\/p><h2 data-start=\"2901\" data-end=\"2941\">4. Propiedad Intelectual e Industrial<\/h2><p data-start=\"2943\" data-end=\"3600\">Todos los derechos de propiedad intelectual e industrial del contenido de este Sitio Web y de los servicios en \u00e9l ofrecidos, incluy\u00e9ndose a t\u00edtulo enunciativo pero no limitativo los textos, gr\u00e1ficos, dise\u00f1os, logotipos, iconos, im\u00e1genes, v\u00eddeos, archivos de software, bases de datos y dem\u00e1s contenidos audiovisuales o sonoros, as\u00ed como el dise\u00f1o gr\u00e1fico y c\u00f3digos fuente, son titularidad de la propietaria o, en su caso, esta dispone de licencia o autorizaci\u00f3n expresa por parte de los leg\u00edtimos titulares para su utilizaci\u00f3n. Todos los nombres comerciales, marcas o signos distintivos de cualquier clase contenidos en el Sitio Web est\u00e1n protegidos por ley.<\/p><p data-start=\"3602\" data-end=\"3982\">Queda prohibida la reproducci\u00f3n, distribuci\u00f3n, comunicaci\u00f3n p\u00fablica o transformaci\u00f3n, total o parcial, de los contenidos de este Sitio Web con fines comerciales, en cualquier soporte y por cualquier medio t\u00e9cnico, sin la autorizaci\u00f3n previa, expresa y por escrito de la titular. El usuario se compromete a respetar los derechos de Propiedad Intelectual e Industrial de la titular.<\/p><h2 data-start=\"3984\" data-end=\"4018\">5. Exclusi\u00f3n de Responsabilidad<\/h2><p data-start=\"4020\" data-end=\"4245\">5.1. <strong data-start=\"4025\" data-end=\"4047\">Por la Informaci\u00f3n<\/strong><br data-start=\"4047\" data-end=\"4050\" \/>La titular procurar\u00e1 que los contenidos de este Sitio Web sean de la mayor calidad posible y est\u00e9n razonablemente actualizados, pero no garantiza la exactitud y actualidad de toda la informaci\u00f3n.<\/p><p data-start=\"4247\" data-end=\"4734\">5.2. <strong data-start=\"4252\" data-end=\"4283\">Por la Calidad del Servicio<\/strong><br data-start=\"4283\" data-end=\"4286\" \/>El acceso al Sitio Web no implica la obligaci\u00f3n por parte de la titular de controlar la ausencia de virus o cualquier otro elemento inform\u00e1tico da\u00f1ino. Corresponde al usuario la disponibilidad de herramientas adecuadas para la detecci\u00f3n y desinfecci\u00f3n de programas o archivos da\u00f1inos. La titular no se responsabiliza de los da\u00f1os producidos en los equipos inform\u00e1ticos de los usuarios o de terceros durante la prestaci\u00f3n del servicio del Sitio Web.<\/p><p data-start=\"4736\" data-end=\"5071\">5.3. <strong data-start=\"4741\" data-end=\"4765\">Por Enlaces Externos<\/strong><br data-start=\"4765\" data-end=\"4768\" \/>En el caso de que en el Sitio Web se dispongan enlaces o hiperv\u00ednculos hacia otros sitios de Internet, la titular no ejercer\u00e1 ning\u00fan tipo de control sobre dichos sitios y contenidos. En ning\u00fan caso asumir\u00e1 la titular responsabilidad por los contenidos de alg\u00fan enlace perteneciente a un sitio web ajeno.<\/p><h2 data-start=\"5073\" data-end=\"5109\">6. Protecci\u00f3n de Datos Personales<\/h2><p data-start=\"5111\" data-end=\"5640\">6.1. <strong data-start=\"5116\" data-end=\"5142\">Pol\u00edtica de Privacidad<\/strong><br data-start=\"5142\" data-end=\"5145\" \/>De conformidad con lo dispuesto en el Reglamento (UE) 2016\/679 del Parlamento Europeo y del Consejo, de 27 de abril de 2016 (RGPD), y en la Ley Org\u00e1nica 3\/2018, de 5 de diciembre, de Protecci\u00f3n de Datos Personales y garant\u00eda de los derechos digitales, los datos personales que el usuario pudiera facilitar a trav\u00e9s del Sitio Web ser\u00e1n tratados conforme a lo dispuesto en la [Pol\u00edtica de Privacidad] (documento que deber\u00e1 enlazarse o ponerse a disposici\u00f3n) que se facilita en el propio Sitio Web.<\/p><p data-start=\"5642\" data-end=\"5936\">6.2. <strong data-start=\"5647\" data-end=\"5665\">Consentimiento<\/strong><br data-start=\"5665\" data-end=\"5668\" \/>En todo momento, se requerir\u00e1 el consentimiento expreso del usuario para la recogida y tratamiento de sus datos personales con fines espec\u00edficos. Podr\u00e1 revocar este consentimiento en cualquier momento, siguiendo las indicaciones incluidas en la Pol\u00edtica de Privacidad.<\/p><p data-start=\"5938\" data-end=\"6360\">6.3. <strong data-start=\"5943\" data-end=\"5968\">Ejercicio de Derechos<\/strong><br data-start=\"5968\" data-end=\"5971\" \/>Los usuarios podr\u00e1n ejercer sus derechos de acceso, rectificaci\u00f3n, supresi\u00f3n, oposici\u00f3n, portabilidad y limitaci\u00f3n del tratamiento en cualquier momento, dirigiendo una solicitud expresa a la direcci\u00f3n de correo electr\u00f3nico <a rel=\"noopener\" data-start=\"6194\" data-end=\"6263\">stefanyrizzaleortiz@gmail.com<\/a> o a la direcci\u00f3n postal en Calle Tramuntana, 9, indicando como referencia \u201cProtecci\u00f3n de Datos\u201d.<\/p><h2 data-start=\"6362\" data-end=\"6404\">7. Legislaci\u00f3n Aplicable y Jurisdicci\u00f3n<\/h2><p data-start=\"6406\" data-end=\"6678\">La relaci\u00f3n entre la titular y el usuario se regir\u00e1 por la normativa espa\u00f1ola vigente. Cualquier controversia se someter\u00e1 a los Juzgados y Tribunales competentes del domicilio de la titular o, en su defecto, del usuario, siempre que la normativa aplicable as\u00ed lo disponga.<\/p><h2 data-start=\"6680\" data-end=\"6716\">8. Modificaciones del Aviso Legal<\/h2><p data-start=\"6718\" data-end=\"7033\">La titular se reserva el derecho a modificar el presente Aviso Legal para adaptarlo a novedades legislativas o jurisprudenciales, as\u00ed como a pr\u00e1cticas de la industria. En tales casos, se anunciar\u00e1 en este Sitio Web con la antelaci\u00f3n razonable los cambios que se vayan a introducir y la fecha de su entrada en vigor.<\/p><h2 data-start=\"7035\" data-end=\"7049\">9. Contacto<\/h2><p data-start=\"7051\" data-end=\"7192\">En caso de que cualquier usuario tenga alguna duda acerca de este Aviso Legal o cualquier comentario sobre el Sitio Web, puede dirigirse a:<\/p><ul data-start=\"7193\" data-end=\"7364\"><li data-start=\"7193\" data-end=\"7220\"><strong data-start=\"7195\" data-end=\"7207\">Tel\u00e9fono<\/strong>: 616357319<\/li><li data-start=\"7221\" data-end=\"7318\"><strong data-start=\"7223\" data-end=\"7245\">Correo electr\u00f3nico<\/strong>: <a rel=\"noopener\" data-start=\"7247\" data-end=\"7316\">stefanyrizzaleortiz@gmail.com<\/a><\/li><li data-start=\"7319\" data-end=\"7364\"><strong data-start=\"7321\" data-end=\"7341\">Direcci\u00f3n Postal<\/strong>: Calle Tramuntana, 9<\/li><\/ul>\t\t\t\t\t\t\t\t<\/div>\n\t\t\t\t\t<\/div>\n\t\t\t\t<\/div>\n\t\t\t\t<\/div>\n\t\t","protected":false},"excerpt":{"rendered":"<p>En cumplimiento de la Ley 34\/2002, de 11 de julio, de Servicios de la Sociedad de la Informaci\u00f3n y de Comercio Electr\u00f3nico (LSSI-CE), se informa de los siguientes aspectos legales: 1. Datos Identificativos Titular del sitio web: Adriana Ort\u00edz Bernadet DNI\/NIF: 41660717N Direcci\u00f3n: Calle Tramuntana, 9 Tel\u00e9fono de contacto: 616357319 Correo electr\u00f3nico: stefanyrizzaleortiz@gmail.com Nombre comercial: [&hellip;]<\/p>\n","protected":false},"author":1,"featured_media":0,"parent":0,"menu_order":0,"comment_status":"closed","ping_status":"closed","template":"","meta":{"_seopress_robots_primary_cat":"","_seopress_titles_title":"","_seopress_titles_desc":"","_seopress_robots_index":"yes","footnotes":""},"class_list":["post-202","page","type-page","status-publish","hentry"],"_links":{"self":[{"href":"https:\/\/aquamarinepuertopollensa.com\/en\/wp-json\/wp\/v2\/pages\/202","targetHints":{"allow":["GET"]}}],"collection":[{"href":"https:\/\/aquamarinepuertopollensa.com\/en\/wp-json\/wp\/v2\/pages"}],"about":[{"href":"https:\/\/aquamarinepuertopollensa.com\/en\/wp-json\/wp\/v2\/types\/page"}],"author":[{"embeddable":true,"href":"https:\/\/aquamarinepuertopollensa.com\/en\/wp-json\/wp\/v2\/users\/1"}],"replies":[{"embeddable":true,"href":"https:\/\/aquamarinepuertopollensa.com\/en\/wp-json\/wp\/v2\/comments?post=202"}],"version-history":[{"count":1,"href":"https:\/\/aquamarinepuertopollensa.com\/en\/wp-json\/wp\/v2\/pages\/202\/revisions"}],"predecessor-version":[{"id":1216,"href":"https:\/\/aquamarinepuertopollensa.com\/en\/wp-json\/wp\/v2\/pages\/202\/revisions\/1216"}],"wp:attachment":[{"href":"https:\/\/aquamarinepuertopollensa.com\/en\/wp-json\/wp\/v2\/media?parent=202"}],"curies":[{"name":"wp","href":"https:\/\/api.w.org\/{rel}","templated":true}]}}