{"id":20,"date":"2025-03-11T15:29:43","date_gmt":"2025-03-11T15:29:43","guid":{"rendered":"https:\/\/aquamarinepuertopollensa.com\/?page_id=20"},"modified":"2025-06-02T07:24:42","modified_gmt":"2025-06-02T07:24:42","slug":"sobre-nosotros","status":"publish","type":"page","link":"https:\/\/aquamarinepuertopollensa.com\/en\/sobre-nosotros\/","title":{"rendered":"Sobre nosotros"},"content":{"rendered":"<div data-elementor-type=\"wp-page\" data-elementor-id=\"20\" class=\"elementor elementor-20\" data-elementor-post-type=\"page\">\n\t\t\t\t<div class=\"elementor-element elementor-element-e6c7c0c e-flex e-con-boxed e-con e-parent\" data-id=\"e6c7c0c\" data-element_type=\"container\" data-e-type=\"container\" data-settings=\"{&quot;background_background&quot;:&quot;classic&quot;}\">\n\t\t\t\t\t<div class=\"e-con-inner\">\n\t\t<div class=\"elementor-element elementor-element-46938c5 e-con-full e-flex elementor-invisible e-con e-child\" data-id=\"46938c5\" data-element_type=\"container\" data-e-type=\"container\" data-settings=\"{&quot;animation&quot;:&quot;fadeInLeft&quot;}\">\n\t\t<div class=\"elementor-element elementor-element-903ffc6 e-con-full e-flex e-con e-child\" data-id=\"903ffc6\" data-element_type=\"container\" data-e-type=\"container\">\n\t\t\t\t<div class=\"elementor-element elementor-element-d092aa0 elementor-invisible elementor-widget elementor-widget-heading\" data-id=\"d092aa0\" data-element_type=\"widget\" data-e-type=\"widget\" data-settings=\"{&quot;_animation&quot;:&quot;fadeInLeft&quot;}\" data-widget_type=\"heading.default\">\n\t\t\t\t\t<h3 class=\"elementor-heading-title elementor-size-default\">Un Equipo Apasionado por la Belleza y el Bienestar<\/h3>\t\t\t\t<\/div>\n\t\t\t\t<div class=\"elementor-element elementor-element-e5bcf14 elementor-invisible elementor-widget elementor-widget-heading\" data-id=\"e5bcf14\" data-element_type=\"widget\" data-e-type=\"widget\" data-settings=\"{&quot;_animation&quot;:&quot;fadeInLeft&quot;}\" data-widget_type=\"heading.default\">\n\t\t\t\t\t<h2 class=\"elementor-heading-title elementor-size-default\">Sobre Nosotras<\/h2>\t\t\t\t<\/div>\n\t\t\t\t<div class=\"elementor-element elementor-element-d1ba93c elementor-widget-divider--view-line elementor-widget elementor-widget-divider\" data-id=\"d1ba93c\" data-element_type=\"widget\" data-e-type=\"widget\" data-widget_type=\"divider.default\">\n\t\t\t\t\t\t\t<div class=\"elementor-divider\">\n\t\t\t<span class=\"elementor-divider-separator\">\n\t\t\t\t\t\t<\/span>\n\t\t<\/div>\n\t\t\t\t\t\t<\/div>\n\t\t\t\t<\/div>\n\t\t\t\t<div class=\"elementor-element elementor-element-6b2552b elementor-invisible elementor-widget elementor-widget-text-editor\" data-id=\"6b2552b\" data-element_type=\"widget\" data-e-type=\"widget\" data-settings=\"{&quot;_animation&quot;:&quot;fadeInLeft&quot;}\" data-widget_type=\"text-editor.default\">\n\t\t\t\t\t\t\t\t\t<p>Somos Adriana y Stefany, apasionadas por la belleza con m\u00e1s de 10 a\u00f1os de experiencia en el sector, apuntamos por la continua formaci\u00f3n para poder traer a nuestro centro los conocimientos y las tecnolog\u00edas m\u00e1s vanguardistas.<\/p><p>Desde nuestros inicios, hemos recorrido un camino de aprendizaje y crecimiento continuo. Hemos tenido el privilegio de formarnos con los referentes m\u00e1s destacados del sector y hemos integrado a nuestro espacio las tecnolog\u00edas m\u00e1s avanzadas.<\/p><p>Nuestra experiencia se traduce en un profundo conocimiento de las necesidades individuales y en la capacidad de dise\u00f1ar tratamientos personalizados que realmente marcan la diferencia. Cada protocolo es el resultado de a\u00f1os de dedicaci\u00f3n y estudio.<\/p>\t\t\t\t\t\t\t\t<\/div>\n\t\t\t\t<\/div>\n\t\t<div class=\"elementor-element elementor-element-1f40535 e-con-full e-flex elementor-invisible e-con e-child\" data-id=\"1f40535\" data-element_type=\"container\" data-e-type=\"container\" data-settings=\"{&quot;animation&quot;:&quot;fadeInRight&quot;}\">\n\t\t\t\t<div class=\"elementor-element elementor-element-3834eff elementor-widget elementor-widget-image\" data-id=\"3834eff\" data-element_type=\"widget\" data-e-type=\"widget\" data-widget_type=\"image.default\">\n\t\t\t\t\t\t\t\t\t\t\t\t\t\t\t<img alt=\"\" fetchpriority=\"high\" decoding=\"async\" width=\"1179\" height=\"1548\" src=\"https:\/\/aquamarinepuertopollensa.com\/wp-content\/uploads\/2025\/05\/WhatsApp-Image-2025-05-09-at-14.53.09.jpeg\" class=\"attachment-full size-full wp-image-998\" srcset=\"https:\/\/aquamarinepuertopollensa.com\/wp-content\/uploads\/2025\/05\/WhatsApp-Image-2025-05-09-at-14.53.09.jpeg 1179w, https:\/\/aquamarinepuertopollensa.com\/wp-content\/uploads\/2025\/05\/WhatsApp-Image-2025-05-09-at-14.53.09-228x300.jpeg 228w, https:\/\/aquamarinepuertopollensa.com\/wp-content\/uploads\/2025\/05\/WhatsApp-Image-2025-05-09-at-14.53.09-780x1024.jpeg 780w, https:\/\/aquamarinepuertopollensa.com\/wp-content\/uploads\/2025\/05\/WhatsApp-Image-2025-05-09-at-14.53.09-768x1008.jpeg 768w, https:\/\/aquamarinepuertopollensa.com\/wp-content\/uploads\/2025\/05\/WhatsApp-Image-2025-05-09-at-14.53.09-1170x1536.jpeg 1170w\" sizes=\"(max-width: 1179px) 100vw, 1179px\" \/>\t\t\t\t\t\t\t\t\t\t\t\t\t\t\t<\/div>\n\t\t\t\t<\/div>\n\t\t<div class=\"elementor-element elementor-element-6349ea3 e-con-full e-flex elementor-invisible e-con e-child\" data-id=\"6349ea3\" data-element_type=\"container\" data-e-type=\"container\" data-settings=\"{&quot;animation&quot;:&quot;fadeInRight&quot;}\">\n\t\t<div class=\"elementor-element elementor-element-a4f33c8 e-con-full e-flex e-con e-child\" data-id=\"a4f33c8\" data-element_type=\"container\" data-e-type=\"container\">\n\t\t\t\t<div class=\"elementor-element elementor-element-d1e5e0f elementor-widget elementor-widget-image\" data-id=\"d1e5e0f\" data-element_type=\"widget\" data-e-type=\"widget\" data-widget_type=\"image.default\">\n\t\t\t\t\t\t\t\t\t\t\t\t\t\t\t<img alt=\"\" decoding=\"async\" width=\"1707\" height=\"2560\" src=\"https:\/\/aquamarinepuertopollensa.com\/wp-content\/uploads\/2025\/03\/95DA52BC-C7CE-4362-867C-45FF8A093C09-scaled.jpg\" class=\"attachment-full size-full wp-image-335\" srcset=\"https:\/\/aquamarinepuertopollensa.com\/wp-content\/uploads\/2025\/03\/95DA52BC-C7CE-4362-867C-45FF8A093C09-scaled.jpg 1707w, https:\/\/aquamarinepuertopollensa.com\/wp-content\/uploads\/2025\/03\/95DA52BC-C7CE-4362-867C-45FF8A093C09-200x300.jpg 200w, https:\/\/aquamarinepuertopollensa.com\/wp-content\/uploads\/2025\/03\/95DA52BC-C7CE-4362-867C-45FF8A093C09-683x1024.jpg 683w, https:\/\/aquamarinepuertopollensa.com\/wp-content\/uploads\/2025\/03\/95DA52BC-C7CE-4362-867C-45FF8A093C09-768x1152.jpg 768w, https:\/\/aquamarinepuertopollensa.com\/wp-content\/uploads\/2025\/03\/95DA52BC-C7CE-4362-867C-45FF8A093C09-1024x1536.jpg 1024w, https:\/\/aquamarinepuertopollensa.com\/wp-content\/uploads\/2025\/03\/95DA52BC-C7CE-4362-867C-45FF8A093C09-1365x2048.jpg 1365w\" sizes=\"(max-width: 1707px) 100vw, 1707px\" \/>\t\t\t\t\t\t\t\t\t\t\t\t\t\t\t<\/div>\n\t\t<div class=\"elementor-element elementor-element-82e89b8 e-con-full e-flex e-con e-child\" data-id=\"82e89b8\" data-element_type=\"container\" data-e-type=\"container\">\n\t\t\t\t<div class=\"elementor-element elementor-element-60cb6f6 elementor-widget elementor-widget-heading\" data-id=\"60cb6f6\" data-element_type=\"widget\" data-e-type=\"widget\" data-widget_type=\"heading.default\">\n\t\t\t\t\t<h3 class=\"elementor-heading-title elementor-size-default\">Adriana Ortiz\n<\/h3>\t\t\t\t<\/div>\n\t\t\t\t<div class=\"elementor-element elementor-element-61d929b elementor-widget elementor-widget-text-editor\" data-id=\"61d929b\" data-element_type=\"widget\" data-e-type=\"widget\" data-widget_type=\"text-editor.default\">\n\t\t\t\t\t\t\t\t\t<p>Con m\u00e1s de 20 a\u00f1os de experiencia en el \u00e1mbito de la enfermer\u00eda, hace 15 a\u00f1os decidi\u00f3 dar un giro a su carrera y embarcarse en el apasionante mundo de la est\u00e9tica. Su formaci\u00f3n y dedicaci\u00f3n le han permitido especializarse en el uso de aparatolog\u00eda, siempre protocolizando y personalizando cada tratamiento, tanto facial como corporal, de acuerdo con las necesidades espec\u00edficas de cada cliente.<\/p><p>Destaca especialmente por su t\u00e9cnica en CACI, un tratamiento que ha atra\u00eddo a clientes de diversas partes de la isla, quienes buscan una atenci\u00f3n profesional y personalizada. Su objetivo es ofrecer resultados visibles y satisfactorios, asegurando que cada visita sea una experiencia \u00fanica y renovadora.<\/p>\t\t\t\t\t\t\t\t<\/div>\n\t\t\t\t<\/div>\n\t\t\t\t<\/div>\n\t\t<div class=\"elementor-element elementor-element-49f8635 e-con-full e-flex e-con e-child\" data-id=\"49f8635\" data-element_type=\"container\" data-e-type=\"container\">\n\t\t\t\t<div class=\"elementor-element elementor-element-508d340 elementor-widget elementor-widget-image\" data-id=\"508d340\" data-element_type=\"widget\" data-e-type=\"widget\" data-widget_type=\"image.default\">\n\t\t\t\t\t\t\t\t\t\t\t\t\t\t\t<img alt=\"\" decoding=\"async\" width=\"1080\" height=\"1080\" src=\"https:\/\/aquamarinepuertopollensa.com\/wp-content\/uploads\/2025\/03\/Cosmetic-and-Make-Up-Shop-Special-Sale-Promotion-Simple-Instagram-Post.png.png\" class=\"attachment-full size-full wp-image-336\" srcset=\"https:\/\/aquamarinepuertopollensa.com\/wp-content\/uploads\/2025\/03\/Cosmetic-and-Make-Up-Shop-Special-Sale-Promotion-Simple-Instagram-Post.png.png 1080w, https:\/\/aquamarinepuertopollensa.com\/wp-content\/uploads\/2025\/03\/Cosmetic-and-Make-Up-Shop-Special-Sale-Promotion-Simple-Instagram-Post.png-300x300.png 300w, https:\/\/aquamarinepuertopollensa.com\/wp-content\/uploads\/2025\/03\/Cosmetic-and-Make-Up-Shop-Special-Sale-Promotion-Simple-Instagram-Post.png-1024x1024.png 1024w, https:\/\/aquamarinepuertopollensa.com\/wp-content\/uploads\/2025\/03\/Cosmetic-and-Make-Up-Shop-Special-Sale-Promotion-Simple-Instagram-Post.png-150x150.png 150w, https:\/\/aquamarinepuertopollensa.com\/wp-content\/uploads\/2025\/03\/Cosmetic-and-Make-Up-Shop-Special-Sale-Promotion-Simple-Instagram-Post.png-768x768.png 768w\" sizes=\"(max-width: 1080px) 100vw, 1080px\" \/>\t\t\t\t\t\t\t\t\t\t\t\t\t\t\t<\/div>\n\t\t<div class=\"elementor-element elementor-element-8819318 e-con-full e-flex e-con e-child\" data-id=\"8819318\" data-element_type=\"container\" data-e-type=\"container\">\n\t\t\t\t<div class=\"elementor-element elementor-element-cb2556b elementor-widget elementor-widget-heading\" data-id=\"cb2556b\" data-element_type=\"widget\" data-e-type=\"widget\" data-widget_type=\"heading.default\">\n\t\t\t\t\t<h3 class=\"elementor-heading-title elementor-size-default\">Stefany Rizzale<\/h3>\t\t\t\t<\/div>\n\t\t\t\t<div class=\"elementor-element elementor-element-0693ecc elementor-widget elementor-widget-text-editor\" data-id=\"0693ecc\" data-element_type=\"widget\" data-e-type=\"widget\" data-widget_type=\"text-editor.default\">\n\t\t\t\t\t\t\t\t\t<p>Esteticista con m\u00e1s de 10 a\u00f1os de experiencia, apasionada por el mundo de la belleza. <br \/>A lo largo de su carrera se ha especializado en t\u00e9cnicas como el microblading y la micropigmentaci\u00f3n. \u00a0Tambi\u00e9n destaca en maquillaje y dise\u00f1o de miradas, asegurando resultados impecables y personalizados.<br \/>Su formaci\u00f3n en aparatolog\u00eda est\u00e9tica le permite utilizar tecnolog\u00edas avanzadas para el cuidado de la piel. Adem\u00e1s de su experiencia en depilaci\u00f3n l\u00e1ser garantizando un servicio eficaz y seguro.<br \/>Comprometida con la satisfacci\u00f3n de sus clientes, proporciona un enfoque profesional y un ambiente acogedor en cada tratamiento.<\/p>\t\t\t\t\t\t\t\t<\/div>\n\t\t\t\t<\/div>\n\t\t\t\t<\/div>\n\t\t\t\t<\/div>\n\t\t\t\t\t<\/div>\n\t\t\t\t<\/div>\n\t\t<div class=\"elementor-element elementor-element-d0f1281 e-con-full e-flex e-con e-parent\" data-id=\"d0f1281\" data-element_type=\"container\" data-e-type=\"container\" data-settings=\"{&quot;background_background&quot;:&quot;classic&quot;}\">\n\t\t<div class=\"elementor-element elementor-element-bfe1a4f e-con-full e-flex e-con e-child\" data-id=\"bfe1a4f\" data-element_type=\"container\" data-e-type=\"container\">\n\t\t\t\t<div class=\"elementor-element elementor-element-5e07841 elementor-widget elementor-widget-image\" data-id=\"5e07841\" data-element_type=\"widget\" data-e-type=\"widget\" data-widget_type=\"image.default\">\n\t\t\t\t\t\t\t\t\t\t\t\t\t\t\t<img alt=\"\" loading=\"lazy\" decoding=\"async\" width=\"128\" height=\"128\" src=\"https:\/\/aquamarinepuertopollensa.com\/wp-content\/uploads\/2025\/03\/servicio-de-calidad.png\" class=\"attachment-large size-large wp-image-223\" \/>\t\t\t\t\t\t\t\t\t\t\t\t\t\t\t<\/div>\n\t\t\t\t<div class=\"elementor-element elementor-element-242cd14 elementor-widget elementor-widget-heading\" data-id=\"242cd14\" data-element_type=\"widget\" data-e-type=\"widget\" data-widget_type=\"heading.default\">\n\t\t\t\t\t<h3 class=\"elementor-heading-title elementor-size-default\">Confianza<\/h3>\t\t\t\t<\/div>\n\t\t\t\t<div class=\"elementor-element elementor-element-75ecae7 elementor-widget elementor-widget-text-editor\" data-id=\"75ecae7\" data-element_type=\"widget\" data-e-type=\"widget\" data-widget_type=\"text-editor.default\">\n\t\t\t\t\t\t\t\t\t<p>Queremos que cada persona que nos visite se sienta cuidada y segura.<\/p>\t\t\t\t\t\t\t\t<\/div>\n\t\t\t\t<\/div>\n\t\t<div class=\"elementor-element elementor-element-c56b463 e-con-full e-flex e-con e-child\" data-id=\"c56b463\" data-element_type=\"container\" data-e-type=\"container\">\n\t\t\t\t<div class=\"elementor-element elementor-element-0abe3c9 elementor-widget elementor-widget-image\" data-id=\"0abe3c9\" data-element_type=\"widget\" data-e-type=\"widget\" data-widget_type=\"image.default\">\n\t\t\t\t\t\t\t\t\t\t\t\t\t\t\t<img alt=\"\" loading=\"lazy\" decoding=\"async\" width=\"128\" height=\"128\" src=\"https:\/\/aquamarinepuertopollensa.com\/wp-content\/uploads\/2025\/03\/amable.png\" class=\"attachment-large size-large wp-image-224\" \/>\t\t\t\t\t\t\t\t\t\t\t\t\t\t\t<\/div>\n\t\t\t\t<div class=\"elementor-element elementor-element-091f0d8 elementor-widget elementor-widget-heading\" data-id=\"091f0d8\" data-element_type=\"widget\" data-e-type=\"widget\" data-widget_type=\"heading.default\">\n\t\t\t\t\t<h3 class=\"elementor-heading-title elementor-size-default\">Amabilidad<\/h3>\t\t\t\t<\/div>\n\t\t\t\t<div class=\"elementor-element elementor-element-2244d24 elementor-widget elementor-widget-text-editor\" data-id=\"2244d24\" data-element_type=\"widget\" data-e-type=\"widget\" data-widget_type=\"text-editor.default\">\n\t\t\t\t\t\t\t\t\t<p>Te damos la bienvenida con una sonrisa y una mano extendida.<\/p>\t\t\t\t\t\t\t\t<\/div>\n\t\t\t\t<\/div>\n\t\t<div class=\"elementor-element elementor-element-721bd05 e-con-full e-flex e-con e-child\" data-id=\"721bd05\" data-element_type=\"container\" data-e-type=\"container\">\n\t\t\t\t<div class=\"elementor-element elementor-element-d1a6bdb elementor-widget elementor-widget-image\" data-id=\"d1a6bdb\" data-element_type=\"widget\" data-e-type=\"widget\" data-widget_type=\"image.default\">\n\t\t\t\t\t\t\t\t\t\t\t\t\t\t\t<img alt=\"\" loading=\"lazy\" decoding=\"async\" width=\"128\" height=\"128\" src=\"https:\/\/aquamarinepuertopollensa.com\/wp-content\/uploads\/2025\/03\/insignia.png\" class=\"attachment-large size-large wp-image-225\" \/>\t\t\t\t\t\t\t\t\t\t\t\t\t\t\t<\/div>\n\t\t\t\t<div class=\"elementor-element elementor-element-3150af2 elementor-widget elementor-widget-heading\" data-id=\"3150af2\" data-element_type=\"widget\" data-e-type=\"widget\" data-widget_type=\"heading.default\">\n\t\t\t\t\t<h3 class=\"elementor-heading-title elementor-size-default\">Excelencia<\/h3>\t\t\t\t<\/div>\n\t\t\t\t<div class=\"elementor-element elementor-element-64a74d0 elementor-widget elementor-widget-text-editor\" data-id=\"64a74d0\" data-element_type=\"widget\" data-e-type=\"widget\" data-widget_type=\"text-editor.default\">\n\t\t\t\t\t\t\t\t\t<p>Porque siempre vamos un paso m\u00e1s all\u00e1. Invertimos en formaci\u00f3n<\/p>\t\t\t\t\t\t\t\t<\/div>\n\t\t\t\t<\/div>\n\t\t\t\t<\/div>\n\t\t<div class=\"elementor-element elementor-element-1b23bc8 e-flex e-con-boxed e-con e-parent\" data-id=\"1b23bc8\" data-element_type=\"container\" data-e-type=\"container\" data-settings=\"{&quot;background_background&quot;:&quot;classic&quot;}\">\n\t\t\t\t\t<div class=\"e-con-inner\">\n\t\t<div class=\"elementor-element elementor-element-c664c02 e-con-full e-flex elementor-invisible e-con e-child\" data-id=\"c664c02\" data-element_type=\"container\" data-e-type=\"container\" data-settings=\"{&quot;animation&quot;:&quot;fadeInRight&quot;}\">\n\t\t<div class=\"elementor-element elementor-element-2e7a7fe e-con-full e-flex e-con e-child\" data-id=\"2e7a7fe\" data-element_type=\"container\" data-e-type=\"container\">\n\t\t\t\t<div class=\"elementor-element elementor-element-9626caf elementor-invisible elementor-widget elementor-widget-heading\" data-id=\"9626caf\" data-element_type=\"widget\" data-e-type=\"widget\" data-settings=\"{&quot;_animation&quot;:&quot;fadeInLeft&quot;}\" data-widget_type=\"heading.default\">\n\t\t\t\t\t<h3 class=\"elementor-heading-title elementor-size-default\"> LO QUE HACEMOS Y POR QU\u00c9 CONFIAR EN NOSOTRAS<\/h3>\t\t\t\t<\/div>\n\t\t\t\t<div class=\"elementor-element elementor-element-d2f998d elementor-invisible elementor-widget elementor-widget-heading\" data-id=\"d2f998d\" data-element_type=\"widget\" data-e-type=\"widget\" data-settings=\"{&quot;_animation&quot;:&quot;fadeInLeft&quot;}\" data-widget_type=\"heading.default\">\n\t\t\t\t\t<h2 class=\"elementor-heading-title elementor-size-default\">Tecnolog\u00eda, Experiencia y Pasi\u00f3n<\/h2>\t\t\t\t<\/div>\n\t\t\t\t<div class=\"elementor-element elementor-element-cae32f1 elementor-widget-divider--view-line elementor-widget elementor-widget-divider\" data-id=\"cae32f1\" data-element_type=\"widget\" data-e-type=\"widget\" data-widget_type=\"divider.default\">\n\t\t\t\t\t\t\t<div class=\"elementor-divider\">\n\t\t\t<span class=\"elementor-divider-separator\">\n\t\t\t\t\t\t<\/span>\n\t\t<\/div>\n\t\t\t\t\t\t<\/div>\n\t\t\t\t<\/div>\n\t\t\t\t<div class=\"elementor-element elementor-element-9d278d0 elementor-invisible elementor-widget elementor-widget-text-editor\" data-id=\"9d278d0\" data-element_type=\"widget\" data-e-type=\"widget\" data-settings=\"{&quot;_animation&quot;:&quot;fadeInLeft&quot;}\" data-widget_type=\"text-editor.default\">\n\t\t\t\t\t\t\t\t\t<p data-start=\"1815\" data-end=\"2361\">En nuestro centro encontrar\u00e1s un amplio abanico de tratamientos faciales y corporales, dise\u00f1ados para resaltar tu belleza y mejorar tu bienestar integral. Desde radiofrecuencia y micropigmentaci\u00f3n, hasta t\u00e9cnicas de rejuvenecimiento y depilaci\u00f3n l\u00e1ser indolora, trabajamos con protocolos personalizados y aparatolog\u00eda de vanguardia. Nuestro principal objetivo es que cada persona que pase por nuestras manos se vaya con una sonrisa y la certeza de haber elegido un lugar donde se vela por su salud, seguridad y satisfacci\u00f3n.<\/p><p data-start=\"2363\" data-end=\"2634\">Contamos con a\u00f1os de experiencia y miles de clientas satisfechas, lo que nos ha convertido en un referente de est\u00e9tica avanzada en Puerto de Pollen\u00e7a. Te invitamos a conocernos y descubrir por qu\u00e9 la confianza y la pasi\u00f3n son parte esencial de la experiencia AquaMarine.<\/p>\t\t\t\t\t\t\t\t<\/div>\n\t\t\t\t<\/div>\n\t\t<div class=\"elementor-element elementor-element-0bdf1ca e-con-full e-flex elementor-invisible e-con e-child\" data-id=\"0bdf1ca\" data-element_type=\"container\" data-e-type=\"container\" data-settings=\"{&quot;animation&quot;:&quot;fadeInRight&quot;}\">\n\t\t\t\t<div class=\"elementor-element elementor-element-0d335f8 elementor-widget elementor-widget-image\" data-id=\"0d335f8\" data-element_type=\"widget\" data-e-type=\"widget\" data-widget_type=\"image.default\">\n\t\t\t\t\t\t\t\t\t\t\t\t\t\t\t<img alt=\"\" loading=\"lazy\" decoding=\"async\" width=\"1066\" height=\"1600\" src=\"https:\/\/aquamarinepuertopollensa.com\/wp-content\/uploads\/2025\/05\/WhatsApp-Image-2025-05-09-at-14.55.05.jpeg\" class=\"attachment-full size-full wp-image-999\" srcset=\"https:\/\/aquamarinepuertopollensa.com\/wp-content\/uploads\/2025\/05\/WhatsApp-Image-2025-05-09-at-14.55.05.jpeg 1066w, https:\/\/aquamarinepuertopollensa.com\/wp-content\/uploads\/2025\/05\/WhatsApp-Image-2025-05-09-at-14.55.05-200x300.jpeg 200w, https:\/\/aquamarinepuertopollensa.com\/wp-content\/uploads\/2025\/05\/WhatsApp-Image-2025-05-09-at-14.55.05-682x1024.jpeg 682w, https:\/\/aquamarinepuertopollensa.com\/wp-content\/uploads\/2025\/05\/WhatsApp-Image-2025-05-09-at-14.55.05-768x1153.jpeg 768w, https:\/\/aquamarinepuertopollensa.com\/wp-content\/uploads\/2025\/05\/WhatsApp-Image-2025-05-09-at-14.55.05-1023x1536.jpeg 1023w\" sizes=\"(max-width: 1066px) 100vw, 1066px\" \/>\t\t\t\t\t\t\t\t\t\t\t\t\t\t\t<\/div>\n\t\t\t\t<\/div>\n\t\t\t\t\t<\/div>\n\t\t\t\t<\/div>\n\t\t\t\t<\/div>","protected":false},"excerpt":{"rendered":"<p>Un Equipo Apasionado por la Belleza y el Bienestar Sobre Nosotras Somos Adriana y Stefany, apasionadas por la belleza con m\u00e1s de 10 a\u00f1os de experiencia en el sector, apuntamos por la continua formaci\u00f3n para poder traer a nuestro centro los conocimientos y las tecnolog\u00edas m\u00e1s vanguardistas. Desde nuestros inicios, hemos recorrido un camino de [&hellip;]<\/p>\n","protected":false},"author":1,"featured_media":0,"parent":0,"menu_order":0,"comment_status":"closed","ping_status":"closed","template":"","meta":{"_seopress_robots_primary_cat":"","_seopress_titles_title":"","_seopress_titles_desc":"","_seopress_robots_index":"","footnotes":""},"class_list":["post-20","page","type-page","status-publish","hentry"],"_links":{"self":[{"href":"https:\/\/aquamarinepuertopollensa.com\/en\/wp-json\/wp\/v2\/pages\/20","targetHints":{"allow":["GET"]}}],"collection":[{"href":"https:\/\/aquamarinepuertopollensa.com\/en\/wp-json\/wp\/v2\/pages"}],"about":[{"href":"https:\/\/aquamarinepuertopollensa.com\/en\/wp-json\/wp\/v2\/types\/page"}],"author":[{"embeddable":true,"href":"https:\/\/aquamarinepuertopollensa.com\/en\/wp-json\/wp\/v2\/users\/1"}],"replies":[{"embeddable":true,"href":"https:\/\/aquamarinepuertopollensa.com\/en\/wp-json\/wp\/v2\/comments?post=20"}],"version-history":[{"count":0,"href":"https:\/\/aquamarinepuertopollensa.com\/en\/wp-json\/wp\/v2\/pages\/20\/revisions"}],"wp:attachment":[{"href":"https:\/\/aquamarinepuertopollensa.com\/en\/wp-json\/wp\/v2\/media?parent=20"}],"curies":[{"name":"wp","href":"https:\/\/api.w.org\/{rel}","templated":true}]}}